{"id":925,"date":"2024-07-13T17:44:04","date_gmt":"2024-07-13T15:44:04","guid":{"rendered":"https:\/\/giovannigarufibozza.it\/psicologosalute\/?page_id=925"},"modified":"2024-07-13T17:44:32","modified_gmt":"2024-07-13T15:44:32","slug":"flash-technique-ft","status":"publish","type":"page","link":"https:\/\/giovannigarufibozza.it\/psicologosalute\/flash-technique-ft\/","title":{"rendered":"Flash Technique (FT)"},"content":{"rendered":"\n<p>E&#8217; una tecnica recentemente sviluppata per ridurre il disturbo associato a ricordi traumatici o altri ricordi angoscianti. <\/p>\n\n\n\n<p>A differenza di molti interventi convenzionali di terapia del trauma, la FT \u00e8 un&#8217;opzione minimamente invasiva che non richiede al cliente di impegnarsi coscientemente con il ricordo traumatico. <\/p>\n\n\n\n<p>Ci\u00f2 consente al cliente di elaborare i ricordi traumatici senza provare angoscia. Come aggiunta alla fase di preparazione EMDR o a qualsiasi trattamento basato sull&#8217;esposizione, consente di elaborare ricordi che altrimenti sarebbero intollerabili o opprimenti per il cliente.<\/p>\n\n\n<div class=\"wp-block-image\">\n<figure class=\"alignleft size-full is-resized\"><a href=\"https:\/\/giovannigarufibozza.it\/psicologosalute\/wp-content\/uploads\/sites\/13\/2024\/07\/image.png\"><img decoding=\"async\" loading=\"lazy\" src=\"https:\/\/giovannigarufibozza.it\/psicologosalute\/wp-content\/uploads\/sites\/13\/2024\/07\/image.png\" alt=\"\" class=\"wp-image-927\" width=\"472\" height=\"246\" srcset=\"https:\/\/giovannigarufibozza.it\/psicologosalute\/wp-content\/uploads\/sites\/13\/2024\/07\/image.png 311w, https:\/\/giovannigarufibozza.it\/psicologosalute\/wp-content\/uploads\/sites\/13\/2024\/07\/image-300x156.png 300w\" sizes=\"(max-width: 472px) 100vw, 472px\" \/><\/a><\/figure><\/div>\n\n\n<p>Un terapeuta addestrato nella tecnica Flash inizier\u00e0 chiedendo al cliente di identificare un ricordo traumatico. Un principio alla base della tecnica Flash \u00e8 che i ricordi traumatici irrisolti sono responsabili della maggior parte dei sintomi non organici. <\/p>\n\n\n\n<p>Se il cliente presenta un sintomo non associato a un ricordo specifico, il terapeuta lo aiuter\u00e0 a trovare il ricordo che sembra generare il sintomo. Dopo che questo ricordo &#8220;bersaglio&#8221; \u00e8 stato identificato, il terapeuta chieder\u00e0 al cliente di rivolgere la sua attenzione a un ricordo, un&#8217;immagine, un&#8217;attivit\u00e0, un brano musicale o una visualizzazione positiva e coinvolgente. <\/p>\n\n\n\n<p>Mentre continua a concentrarsi su questa distrazione positiva, al cliente viene periodicamente chiesto di interrompere momentaneamente tale attenzione. L&#8217;elaborazione del ricordo bersaglio viene eseguita senza che il cliente presti attenzione coscientemente al ricordo disturbante originale.<\/p>\n\n\n\n<figure class=\"wp-block-image\"><img alt=\"\"\/><\/figure>\n\n\n\n<figure class=\"wp-block-image\"><img alt=\"\"\/><\/figure>\n","protected":false},"excerpt":{"rendered":"<p>E&#8217; una tecnica recentemente sviluppata per ridurre il disturbo associato a ricordi traumatici o altri ricordi angoscianti. A differenza di molti interventi convenzionali di terapia del trauma, la FT \u00e8 un&#8217;opzione minimamente invasiva che non richiede al cliente di impegnarsi coscientemente con il ricordo traumatico. Ci\u00f2 consente al cliente di elaborare i ricordi traumatici senza&#8230;<\/p>\n","protected":false},"author":1,"featured_media":0,"parent":0,"menu_order":0,"comment_status":"closed","ping_status":"closed","template":"","meta":{"_mi_skip_tracking":false},"_links":{"self":[{"href":"https:\/\/giovannigarufibozza.it\/psicologosalute\/wp-json\/wp\/v2\/pages\/925"}],"collection":[{"href":"https:\/\/giovannigarufibozza.it\/psicologosalute\/wp-json\/wp\/v2\/pages"}],"about":[{"href":"https:\/\/giovannigarufibozza.it\/psicologosalute\/wp-json\/wp\/v2\/types\/page"}],"author":[{"embeddable":true,"href":"https:\/\/giovannigarufibozza.it\/psicologosalute\/wp-json\/wp\/v2\/users\/1"}],"replies":[{"embeddable":true,"href":"https:\/\/giovannigarufibozza.it\/psicologosalute\/wp-json\/wp\/v2\/comments?post=925"}],"version-history":[{"count":2,"href":"https:\/\/giovannigarufibozza.it\/psicologosalute\/wp-json\/wp\/v2\/pages\/925\/revisions"}],"predecessor-version":[{"id":930,"href":"https:\/\/giovannigarufibozza.it\/psicologosalute\/wp-json\/wp\/v2\/pages\/925\/revisions\/930"}],"wp:attachment":[{"href":"https:\/\/giovannigarufibozza.it\/psicologosalute\/wp-json\/wp\/v2\/media?parent=925"}],"curies":[{"name":"wp","href":"https:\/\/api.w.org\/{rel}","templated":true}]}}