{"id":775,"date":"2022-05-30T06:59:54","date_gmt":"2022-05-30T04:59:54","guid":{"rendered":"https:\/\/giovannigarufibozza.it\/psicologosalute\/?page_id=775"},"modified":"2022-05-30T07:11:03","modified_gmt":"2022-05-30T05:11:03","slug":"valutazione-del-danno","status":"publish","type":"page","link":"https:\/\/giovannigarufibozza.it\/psicologosalute\/valutazione-del-danno\/","title":{"rendered":"Valutazione del danno"},"content":{"rendered":"\n<p class=\"has-text-color has-very-dark-gray-color\">Quando avviene un incidente o si subisce un danno da parte di terzi per qualsivoglia motivo, le conseguenze dell\u2019evento possono essere non soltanto fisiche, dunque visibili a occhio nudo (per es. una gamba rotta). Occorre guardare anche all\u2019<strong>integrit\u00e0 psichica<\/strong>&nbsp;della persona e agli&nbsp;<strong>effetti che il trauma pu\u00f2 comportare sulla sua qualit\u00e0 di vita<\/strong>. Alla valutazione del danno fisico o morale, si pu\u00f2 aggiungere anche quella del&nbsp;<strong>danno psichico e del danno esistenziale<\/strong>.<\/p>\n\n\n\n<div class=\"wp-block-image\"><figure class=\"alignright is-resized\"><img decoding=\"async\" loading=\"lazy\" src=\"https:\/\/giovannigarufibozza.it\/psicologosalute\/wp-content\/uploads\/sites\/13\/2022\/05\/images.jpg\" alt=\"\" class=\"wp-image-779\" width=\"332\" height=\"221\"\/><\/figure><\/div>\n\n\n\n<p class=\"has-text-color has-very-dark-gray-color\">Per<strong>&nbsp;danno psichico o lesione psicologica<\/strong>&nbsp;si intende sia ci\u00f2 che causa un vero e proprio danneggiamento fisico nella psiche della persona sia il turbamento,&nbsp;<strong>l\u2019alterazione mentale<\/strong>&nbsp;che non si collega necessariamente a una lesione fisica. Se, per esempio, subisco un incidente automobilistico in cui non riporto delle vere e proprie ferite ma il trauma che ne consegue scatena in me disturbi quali la depressione o un disturbo post-traumatico da stress, ci troviamo di fronte a un&nbsp;<strong>danno psichico che deve essere risarcito<\/strong>.<\/p>\n\n\n\n<p class=\"has-text-color has-very-dark-gray-color\">Per&nbsp;<strong>danno esistenziale<\/strong>, invece, \u00e8 quel tipo di danno che causa un peggioramento nelle condizioni o nella qualit\u00e0 di vita della persona che lo subisce. Pensiamo sempre al caso di un incidente stradale. Magari vengo investito da un\u2019auto e mi rompo una gamba e per questo, per mesi, non riesco a guidare e quindi a recarmi sul mio posto di lavoro e a essere autonomo. Questo pu\u00f2 essere considerato un danno esistenziale.<\/p>\n\n\n\n<p class=\"has-text-color has-very-dark-gray-color\">Attraverso un percorso di 2-3 incontri si arriver\u00e0 a calcolare la percentuale di danno psichico e da pregiudizio esistenziale, da integrare alla richiesta di un risarcimento.<\/p>\n\n\n\n<p class=\"has-text-color has-very-dark-gray-color\">In <strong>quali casi<\/strong> pu\u00f2 essere utile valutare il danno psichico o esistenziale?<\/p>\n\n\n\n<p class=\"has-text-color has-very-dark-gray-color\">Danno da lutto <br>Danno da nascita indesiderata  <br>Danno da wrongful life  <br>Danno da menomazione fisica  (es. sul lavoro o incedente stradale, ecc.)<br>Danno alla sfera sessuale  <br>Danno da menomazione della capacit\u00e0 visiva  <br>Danno estetico  <br>Danno da mobbing  <br>Danno da stalking  <br>Danno da colpa professionale  <br>Danno da gaslighting  <br>Danno dei congiunti  <br>Danno da carcerazione ingiusta  <br>Danno da handicap  <br>Idoneit\u00e0 per la ratificazione di attribuzione di sesso <br>Perdita di un caro in un incidente stradale                                 <\/p>\n\n\n\n<p><\/p>\n","protected":false},"excerpt":{"rendered":"<p>Quando avviene un incidente o si subisce un danno da parte di terzi per qualsivoglia motivo, le conseguenze dell\u2019evento possono essere non soltanto fisiche, dunque visibili a occhio nudo (per es. una gamba rotta). Occorre guardare anche all\u2019integrit\u00e0 psichica&nbsp;della persona e agli&nbsp;effetti che il trauma pu\u00f2 comportare sulla sua qualit\u00e0 di vita. Alla valutazione del&#8230;<\/p>\n","protected":false},"author":1,"featured_media":0,"parent":0,"menu_order":0,"comment_status":"closed","ping_status":"closed","template":"","meta":{"_mi_skip_tracking":false},"_links":{"self":[{"href":"https:\/\/giovannigarufibozza.it\/psicologosalute\/wp-json\/wp\/v2\/pages\/775"}],"collection":[{"href":"https:\/\/giovannigarufibozza.it\/psicologosalute\/wp-json\/wp\/v2\/pages"}],"about":[{"href":"https:\/\/giovannigarufibozza.it\/psicologosalute\/wp-json\/wp\/v2\/types\/page"}],"author":[{"embeddable":true,"href":"https:\/\/giovannigarufibozza.it\/psicologosalute\/wp-json\/wp\/v2\/users\/1"}],"replies":[{"embeddable":true,"href":"https:\/\/giovannigarufibozza.it\/psicologosalute\/wp-json\/wp\/v2\/comments?post=775"}],"version-history":[{"count":5,"href":"https:\/\/giovannigarufibozza.it\/psicologosalute\/wp-json\/wp\/v2\/pages\/775\/revisions"}],"predecessor-version":[{"id":782,"href":"https:\/\/giovannigarufibozza.it\/psicologosalute\/wp-json\/wp\/v2\/pages\/775\/revisions\/782"}],"wp:attachment":[{"href":"https:\/\/giovannigarufibozza.it\/psicologosalute\/wp-json\/wp\/v2\/media?parent=775"}],"curies":[{"name":"wp","href":"https:\/\/api.w.org\/{rel}","templated":true}]}}