{"id":5,"date":"2015-11-28T09:35:43","date_gmt":"2015-11-28T08:35:43","guid":{"rendered":"http:\/\/giovannigarufibozza.it\/psicologosalute\/?page_id=5"},"modified":"2025-07-06T14:50:25","modified_gmt":"2025-07-06T12:50:25","slug":"chi-sono","status":"publish","type":"page","link":"https:\/\/giovannigarufibozza.it\/psicologosalute\/","title":{"rendered":"Chi sono"},"content":{"rendered":"<p dir=\"ltr\"><span style=\"color: #000000;\"><a href=\"http:\/\/giovannigarufibozza.it\/psicologosalute\/wp-content\/uploads\/sites\/13\/2015\/11\/14501874_10210692861506750_437065576_n.jpg\"><img decoding=\"async\" loading=\"lazy\" class=\"alignright  wp-image-215\" src=\"http:\/\/giovannigarufibozza.it\/psicologosalute\/wp-content\/uploads\/sites\/13\/2015\/11\/14501874_10210692861506750_437065576_n.jpg\" alt=\"14501874_10210692861506750_437065576_n\" width=\"316\" height=\"305\" srcset=\"https:\/\/giovannigarufibozza.it\/psicologosalute\/wp-content\/uploads\/sites\/13\/2015\/11\/14501874_10210692861506750_437065576_n.jpg 960w, https:\/\/giovannigarufibozza.it\/psicologosalute\/wp-content\/uploads\/sites\/13\/2015\/11\/14501874_10210692861506750_437065576_n-300x290.jpg 300w, https:\/\/giovannigarufibozza.it\/psicologosalute\/wp-content\/uploads\/sites\/13\/2015\/11\/14501874_10210692861506750_437065576_n-600x579.jpg 600w\" sizes=\"(max-width: 316px) 100vw, 316px\" \/><\/a>Sono il Dottor Giovanni Garufi Bozza e sono laureato in <strong>Psicologia del Benessere nel corso di vita <\/strong>e specializzato, dal 2016 in <strong>Psicologia della Salute<\/strong>.<\/span><\/p>\n<p dir=\"ltr\"><span style=\"color: #000000;\">Sono iscritto all&#8217;Albo degli Psicologi del Lazio dal 2011 (iscrizione numero 18432) e sono abilitato alla psicoterapia dal 2016.<\/span><\/p>\n<p dir=\"ltr\"><span style=\"color: #000000;\">Prima di specializzarmi, ho svolto un tirocinio presso il <strong>centro nutrizionale<\/strong> della Sapienza (Gong: Gruppo Orientamento Nutrizione Giovani) in collaborazione con una nutrizionista, e presso la <strong>comunit\u00e0 terapeutica<\/strong> Sabrata, mentre <\/span><span style=\"color: #000000;\">dal 2014 al 2016 ho partecipato alla sperimentazione dello <strong>Psicologo di Base<\/strong>, promossa dalla scuola di specializzazione in Psicologia della Salute (Universit\u00e0 Sapienza di Roma).<\/span><\/p>\n<p dir=\"ltr\"><span style=\"color: #000000;\">Nel 2017 ho svolto il Corso in <strong>Psicologia Giuridica<\/strong> presso l&#8217;AIPG, iscrivendomi poi all&#8217;albo dei Consulenti Tecnici d&#8217;Ufficio del Tribunale Ordinario di Roma e\u00a0 lavorando in privato come Consulente Tecnico di Parte.<\/span><\/p>\n<p dir=\"ltr\"><span style=\"color: #000000;\">Dal 2017 al 2019 mi sono formato alla <strong>Psicodiagnostica Clinica e Forense<\/strong> con la dott.ssa Anita Lanotte, presso il <strong><a href=\"https:\/\/www.ceipa.it\/WP\/\">CEIPA<\/a><\/strong> (Centro Studi Psicologia Applicata), apprendendo la somministrazione dei principali test (Rorschach con siglatura Rizzo, MMPI-2, Disegno della figura umana, WAIS-IV).<\/span><\/p>\n<p dir=\"ltr\"><span style=\"color: #000000;\">Nel 2019 sono diventato <strong>Terapista EMDR<\/strong>, seguendo i corsi a Torino. <\/span><span style=\"color: #000000;\">Nello stesso anno, mi sono formato alla <strong>Psicodiagnostica per l&#8217;et\u00e0 evolutiva<\/strong>; ho anche iniziato a collaborare con alcuni studi di avvocati di Roma per il <strong><a href=\"https:\/\/giovannigarufibozza.it\/psicologosalute\/valutazione-del-danno\/\">calcolo del danno<\/a><\/strong> e per le <strong><a href=\"https:\/\/giovannigarufibozza.it\/psicologosalute\/di-cosa-mi-occupo\/consulenza-tecnica-di-parte\/\">Consulenze Tecniche di Parte<\/a><\/strong> in ambito civile e penale.<\/span><\/p>\n<p dir=\"ltr\"><span style=\"color: #000000;\">Nel 2020 mi\u00a0 sono formato all&#8217;<strong>Adult Attachment Interview<\/strong> con la professoressa Speranza e il professor Dazi e al <strong>Rorschach Metodo Comprensivo Exner <\/strong>presso l&#8217;<\/span><strong><a href=\"https:\/\/www.francescointini.it\/centro-studi-1\">ARFIP<\/a><\/strong><span style=\"color: #000000;\">, integrando cos\u00ec con la conoscenza del metodo Rizzo, acquisito nel 2017-2019.<\/span><\/p>\n<p dir=\"ltr\"><span style=\"color: #000000;\">Sempre dal 2020 sono diventato <strong>docente<\/strong> del corso di MMPI-2 e Scale Wechsler, promosso dall&#8217;Arfip. Ho terminato l&#8217;attivit\u00e0 di docenza nel 2021.<\/span><\/p>\n<p dir=\"ltr\"><span style=\"color: #000000;\">Dal 2021 mi sono formato nel <strong>Rorschach Pas<\/strong> (evoluzione del Metodo Comprensivo di Exner) e ho seguito un corso per diventare esperto nella <strong>valutazione DSA<\/strong> (Delibera 32\/20 del 4 febbraio 2020 della <strong>Regione Lazio<\/strong>). Mi sono anche iscritto come <strong>Perito presso il Tribunale Penale di Roma<\/strong>, col numero 18\/2021.<\/span><\/p>\n<p dir=\"ltr\"><span style=\"color: #000000;\">Dal 2022 sono entrato, previo esame con il <strong>prof. Parisi<\/strong>, nella<\/span> <a href=\"http:\/\/www.scuolaromanarorschach.it\/elenco-esperti-regione-lazio\/\"><strong>Scuola Romana Rorschach<\/strong><\/a><span style=\"color: #000000;\">. Nello stesso anno sono diventato <strong>Practitioner (Esperto) della terapia EMDR<\/strong> e ho ottenuto dall&#8217;Universit\u00e0 della California (con Mary Maine ed Erik Hesse) l&#8217;abilitazione alla somministrazione (<strong>reliability<\/strong>) dell&#8217;<strong>Adult Attachment Interview.<\/strong><\/span><\/p>\n<p dir=\"ltr\"><span style=\"color: #000000;\">Sempre nel 2022 ho concluso un secondo <strong>Master in Psicodiagnostica<\/strong>, presso lo studio RiPsi di Milano, aggiungendo altri test alle mie competenze (PAI, MMPI-2RF, Blacky Pictures, ORT, TAT, ecc.) e <\/span>sono stato inserito nelle liste degli Psicologi della <strong>Procura della Repubblica<\/strong> <strong>di Rieti<\/strong>, esperti in audizioni protette; dal 2023 sono nella lista degli esperti in audizioni protette della <strong>Procura della Repubblica<\/strong> <strong>di Roma<\/strong> e dal 2024 in quella della <strong>Procura della Repubblica di Tivoli.<\/strong><\/p>\n<p dir=\"ltr\">Nel 2023 ho conseguito un Master sulle <strong>Tecniche Cognitivo Comportamentali<\/strong> con adolescenti, bambini e adulti, un corso sulla <strong>Psicofarmacologia per Psicologi, <\/strong>e ho ottenuto la<strong> Coding Proficiency per l&#8217;R-Pas <\/strong>ovvero la certificazione statunitense di qualit\u00e0 nella siglatura del Rorschach (versione Pas).<\/p>\n<p dir=\"ltr\">Nel 2024 ho completato la suddetta proficiency con l&#8217;<strong>Administration Proficiency <\/strong>ovvero la certificazione statunitense di qualit\u00e0 nella somministrazione del Rorschach (sempre versione Pas).<\/p>\n<p dir=\"ltr\">Ho anche approfondito il <strong>Rorschach Comprensive Systems Revised<\/strong>, con l&#8217;<a href=\"https:\/\/www.istitutororschach.it\/\">IRPSI<\/a> (Istituto Italiano Rorschach e Psicodiagnostica Integrata).<\/p>\n<p dir=\"ltr\">\n<p dir=\"ltr\"><a href=\"https:\/\/giovannigarufibozza.it\/psicologosalute\/wp-content\/uploads\/sites\/13\/2023\/08\/images-Copia-2.jpg\"><img decoding=\"async\" loading=\"lazy\" class=\"size-medium wp-image-873 aligncenter\" src=\"https:\/\/giovannigarufibozza.it\/psicologosalute\/wp-content\/uploads\/sites\/13\/2023\/08\/images-Copia-2-300x227.jpg\" alt=\"\" width=\"300\" height=\"227\" srcset=\"https:\/\/giovannigarufibozza.it\/psicologosalute\/wp-content\/uploads\/sites\/13\/2023\/08\/images-Copia-2-300x227.jpg 300w, https:\/\/giovannigarufibozza.it\/psicologosalute\/wp-content\/uploads\/sites\/13\/2023\/08\/images-Copia-2.jpg 524w\" sizes=\"(max-width: 300px) 100vw, 300px\" \/><\/a> <a href=\"https:\/\/giovannigarufibozza.it\/psicologosalute\/wp-content\/uploads\/sites\/13\/2024\/02\/16.-Certificate-of-Administration-Proficiency-Giovanni-Garufi-Bozza_page-0001.jpg\"><img decoding=\"async\" loading=\"lazy\" class=\"size-medium wp-image-912 aligncenter\" src=\"https:\/\/giovannigarufibozza.it\/psicologosalute\/wp-content\/uploads\/sites\/13\/2024\/02\/16.-Certificate-of-Administration-Proficiency-Giovanni-Garufi-Bozza_page-0001-300x227.jpg\" alt=\"\" width=\"300\" height=\"227\" srcset=\"https:\/\/giovannigarufibozza.it\/psicologosalute\/wp-content\/uploads\/sites\/13\/2024\/02\/16.-Certificate-of-Administration-Proficiency-Giovanni-Garufi-Bozza_page-0001-300x227.jpg 300w, https:\/\/giovannigarufibozza.it\/psicologosalute\/wp-content\/uploads\/sites\/13\/2024\/02\/16.-Certificate-of-Administration-Proficiency-Giovanni-Garufi-Bozza_page-0001-1024x776.jpg 1024w, https:\/\/giovannigarufibozza.it\/psicologosalute\/wp-content\/uploads\/sites\/13\/2024\/02\/16.-Certificate-of-Administration-Proficiency-Giovanni-Garufi-Bozza_page-0001-768x582.jpg 768w, https:\/\/giovannigarufibozza.it\/psicologosalute\/wp-content\/uploads\/sites\/13\/2024\/02\/16.-Certificate-of-Administration-Proficiency-Giovanni-Garufi-Bozza_page-0001-850x644.jpg 850w, https:\/\/giovannigarufibozza.it\/psicologosalute\/wp-content\/uploads\/sites\/13\/2024\/02\/16.-Certificate-of-Administration-Proficiency-Giovanni-Garufi-Bozza_page-0001.jpg 1469w\" sizes=\"(max-width: 300px) 100vw, 300px\" \/><\/a><\/p>\n<p dir=\"ltr\">\n<p dir=\"ltr\">Sempre nel 2024 mi sono approcciato alla <strong>Flash Technique<\/strong>, uno strumento utile da integrare all&#8217;EMDR per l&#8217;elaborazione dei traumi, terminando la formazione a Gennaio 2025. Nel 2025 ho anche iniziato la formazione EMDR specifica per bambini e adolescenti.<\/p>\n<p dir=\"ltr\"><span style=\"color: #000000;\">Collaboro come <strong>psicodiagnosta<\/strong> con i seguenti <strong>Tribunali<\/strong>:<\/span><\/p>\n<p dir=\"ltr\"><span style=\"color: #000000;\">&#8211;&gt; dal 2019: Tribunale Ordinario, Penale e per i Minorenni di <strong>Roma.<\/strong><\/span><\/p>\n<p dir=\"ltr\"><span style=\"color: #000000;\">&#8211;&gt; dal 2020: Tribunale Ordinario e Penale di <strong>Velletri<\/strong>.<\/span><\/p>\n<p dir=\"ltr\"><span style=\"color: #000000;\">&#8211;&gt; dal 2021: Tribunale Ordinario di <strong>Firenze<\/strong>.<\/span><\/p>\n<p dir=\"ltr\">&#8211;&gt; Dal 2023: Tribunale Ordinario di <strong>Pistoia <\/strong>e di <strong>Prato.<\/strong><\/p>\n<p dir=\"ltr\"><span style=\"color: #000000;\">Ho anche pubblicato <strong><a href=\"http:\/\/giovannigarufibozza.it\/i-miei-romanzi\/romanzi\/\">tre romanzi<\/a><\/strong>, un saggio di<\/span> <strong><a href=\"http:\/\/giovannigarufibozza.it\/latorredigea\/\">psicologia della salute<\/a><\/strong>\u00a0<span style=\"color: #000000;\">e un saggio sul<\/span><strong> <a href=\"http:\/\/giovannigarufibozza.it\/femminicida\/\">femminicidio<\/a><\/strong>.<\/p>\n<p dir=\"ltr\"><span style=\"color: #000000;\"><a href=\"https:\/\/giovannigarufibozza.it\/psicologosalute\/wp-content\/uploads\/sites\/13\/2020\/02\/34139f93-bc39-4f69-bdb0-8a82f7d9f116.jpeg\"><img decoding=\"async\" loading=\"lazy\" class=\"alignright size-medium wp-image-470\" src=\"https:\/\/giovannigarufibozza.it\/psicologosalute\/wp-content\/uploads\/sites\/13\/2020\/02\/34139f93-bc39-4f69-bdb0-8a82f7d9f116-300x300.jpeg\" alt=\"\" width=\"300\" height=\"300\" srcset=\"https:\/\/giovannigarufibozza.it\/psicologosalute\/wp-content\/uploads\/sites\/13\/2020\/02\/34139f93-bc39-4f69-bdb0-8a82f7d9f116-300x300.jpeg 300w, https:\/\/giovannigarufibozza.it\/psicologosalute\/wp-content\/uploads\/sites\/13\/2020\/02\/34139f93-bc39-4f69-bdb0-8a82f7d9f116-150x150.jpeg 150w, https:\/\/giovannigarufibozza.it\/psicologosalute\/wp-content\/uploads\/sites\/13\/2020\/02\/34139f93-bc39-4f69-bdb0-8a82f7d9f116-768x768.jpeg 768w, https:\/\/giovannigarufibozza.it\/psicologosalute\/wp-content\/uploads\/sites\/13\/2020\/02\/34139f93-bc39-4f69-bdb0-8a82f7d9f116-1024x1024.jpeg 1024w, https:\/\/giovannigarufibozza.it\/psicologosalute\/wp-content\/uploads\/sites\/13\/2020\/02\/34139f93-bc39-4f69-bdb0-8a82f7d9f116-600x600.jpeg 600w\" sizes=\"(max-width: 300px) 100vw, 300px\" \/><\/a>Come terapeuta, credo in una psicologia che si pone come <strong>scienza delle relazioni<\/strong>, che abbandoni il riferimento al solo modello medico centrato sulla malattia e che abbracci la <strong>promozione del benessere e della salute<\/strong> (psico-promozione), puntando all&#8217;incremento delle proprie risorse personali e contestuali e alla comprensione delle proprie <strong>emozioni<\/strong>, le nostre pi\u00f9 grandi alleate.<\/span><\/p>\n<p dir=\"ltr\"><span style=\"color: #000000;\">Ti considero, caro cliente, un <strong>Esperto della tua vita<\/strong>, disponibile a portare nella relazione con me, <strong>Esperto del cambiamento<\/strong>, il tuo problema. Il tuo Sintomo. Che tu ci creda o no, quel Sintomo \u00e8 proprio il <strong>nostro alleato pi\u00f9 prezioso<\/strong>. Capiremo insieme perch\u00e9 \u00e8 comparso, che senso ha nelle tue relazioni e nel momento di vita che stai vivendo. Questo sintomo ci dar\u00e0 la direzione del cambiamento, ci dir\u00e0 su cosa lavorare per promuovere il tuo <strong>benessere<\/strong>. <\/span><\/p>\n<p dir=\"ltr\"><span style=\"color: #000000;\">I nostri alleati, nel percorso che faremo, saranno la <strong>psicologia della salute<\/strong>, per promuovere e implementare le tue risorse, i<strong> test psicologici<\/strong>, per capire il funzionamento della tua personalit\u00e0,\u00a0 l&#8217;<strong>EMDR<\/strong> per elaborare i tuoi traumi, la <strong>psicologia sistemica<\/strong>, per capire e lavorare sulle tue relazioni.<\/span><\/p>\n<p dir=\"ltr\"><span style=\"color: #000000;\">Il mio lavoro \u00e8 indirizzato ad adulti e minori, famiglie e coppie.\u00a0<\/span><\/p>\n","protected":false},"excerpt":{"rendered":"<p>Sono il Dottor Giovanni Garufi Bozza e sono laureato in Psicologia del Benessere nel corso di vita e specializzato, dal 2016 in Psicologia della Salute. Sono iscritto all&#8217;Albo degli Psicologi del Lazio dal 2011 (iscrizione numero 18432) e sono abilitato alla psicoterapia dal 2016. Prima di specializzarmi, ho svolto un tirocinio presso il centro nutrizionale&#8230;<\/p>\n","protected":false},"author":1,"featured_media":0,"parent":0,"menu_order":0,"comment_status":"open","ping_status":"open","template":"","meta":{"_mi_skip_tracking":false},"_links":{"self":[{"href":"https:\/\/giovannigarufibozza.it\/psicologosalute\/wp-json\/wp\/v2\/pages\/5"}],"collection":[{"href":"https:\/\/giovannigarufibozza.it\/psicologosalute\/wp-json\/wp\/v2\/pages"}],"about":[{"href":"https:\/\/giovannigarufibozza.it\/psicologosalute\/wp-json\/wp\/v2\/types\/page"}],"author":[{"embeddable":true,"href":"https:\/\/giovannigarufibozza.it\/psicologosalute\/wp-json\/wp\/v2\/users\/1"}],"replies":[{"embeddable":true,"href":"https:\/\/giovannigarufibozza.it\/psicologosalute\/wp-json\/wp\/v2\/comments?post=5"}],"version-history":[{"count":72,"href":"https:\/\/giovannigarufibozza.it\/psicologosalute\/wp-json\/wp\/v2\/pages\/5\/revisions"}],"predecessor-version":[{"id":951,"href":"https:\/\/giovannigarufibozza.it\/psicologosalute\/wp-json\/wp\/v2\/pages\/5\/revisions\/951"}],"wp:attachment":[{"href":"https:\/\/giovannigarufibozza.it\/psicologosalute\/wp-json\/wp\/v2\/media?parent=5"}],"curies":[{"name":"wp","href":"https:\/\/api.w.org\/{rel}","templated":true}]}}