{"id":476,"date":"2020-03-19T09:20:07","date_gmt":"2020-03-19T08:20:07","guid":{"rendered":"https:\/\/giovannigarufibozza.it\/psicologosalute\/?page_id=476"},"modified":"2023-08-26T07:01:44","modified_gmt":"2023-08-26T05:01:44","slug":"psicoterapia-on-line","status":"publish","type":"page","link":"https:\/\/giovannigarufibozza.it\/psicologosalute\/psicoterapia-on-line\/","title":{"rendered":"Psicoterapia on line"},"content":{"rendered":"<div class=\"wp-block-image\">\n<figure class=\"alignright\"><img decoding=\"async\" loading=\"lazy\" width=\"318\" height=\"159\" src=\"https:\/\/giovannigarufibozza.it\/psicologosalute\/wp-content\/uploads\/sites\/13\/2020\/03\/download.jpg\" alt=\"\" class=\"wp-image-495\" srcset=\"https:\/\/giovannigarufibozza.it\/psicologosalute\/wp-content\/uploads\/sites\/13\/2020\/03\/download.jpg 318w, https:\/\/giovannigarufibozza.it\/psicologosalute\/wp-content\/uploads\/sites\/13\/2020\/03\/download-300x150.jpg 300w\" sizes=\"(max-width: 318px) 100vw, 318px\" \/><\/figure><\/div>\n\n<p><span style=\"color: #000000;\">Da diversi anni ho assistiti che si collegano con me via Skype e Chiamate Video Wathsapp, da diverse parti dell&#8217;Italia e dell&#8217;Europa.<\/span><\/p>\n\n<p><span style=\"color: #000000;\">I primi che hanno sperimentato questa modalit\u00e0 erano quegli assistiti che avevano iniziato con me una psicoterapia di persona, e poi, per motivi lavorativi o di studio, si erano dovuti spostare in una citt\u00e0 diversa da Roma e avevano deciso di proseguire la loro terapia online.<\/span><\/p>\n\n\n<p><span style=\"color: #000000;\">Ho scoperto cos\u00ec le potenzialit\u00e0 e l&#8217;efficacia della terapia on line, iniziando percorsi anche on line.<\/span><\/p>\n\n\n<h2>QUALI SONO I BENEFICI?<\/h2>\n\n<ul>\n<li><span style=\"color: #000000;\"><strong><a href=\"https:\/\/giovannigarufibozza.it\/psicologosalute\/wp-content\/uploads\/sites\/13\/2020\/03\/images.jpg\"><img decoding=\"async\" loading=\"lazy\" class=\"alignright  wp-image-498\" src=\"https:\/\/giovannigarufibozza.it\/psicologosalute\/wp-content\/uploads\/sites\/13\/2020\/03\/images-300x168.jpg\" alt=\"\" width=\"286\" height=\"160\" \/><\/a>E&#8217; efficace quanto quella faccia a faccia<\/strong>, a volte anche di pi\u00f9: in una ricerca di Birgit e colleghi (2013), si \u00e8 visto che tra un gruppo di <strong>persone depresse<\/strong>\u00a0trattate tramite psicoterapia tradizionale, e un\u00a0<strong>gruppo trattato online<\/strong>, quest\u2019ultimo\u00a0<strong>ha ottenuto un miglioramento leggermente superiore nel breve termine, e significativamente superiore tre mesi dopo<\/strong>\u00a0aver concluso.<\/span><\/li>\n<li><span style=\"color: #000000;\"><strong>ha un costo minore <\/strong>di quella faccia a faccia, in termini di <strong>soldi<\/strong>. Essendo on line, per la maggiore facilit\u00e0 organizzativa (e minor utilizzo dello studio), il terapeuta \u00e8 pi\u00f9 disponibile a venire incontro alle esigenze economiche del cliente. C&#8217;\u00e8 un risparmio di benzina e costi di mezzi pubblici dovuti agli spostamenti.<\/span><\/li>\n<li><span style=\"color: #000000;\"><strong>ha un costo minore <\/strong>di quella faccia a faccia, in termini di <strong>tempo<\/strong>. E&#8217; pi\u00f9 facile da organizzare, perch\u00e9 ci si pu\u00f2 collegare da qualunque luogo ed \u00e8 maggiormente flessibile in termini di orario. Si devono trovare 50-60 minuti liberi nella propria giornata, \u00e8 dunque maggiormente conciliabile con le proprie esigenze lavorative. Basta avere un pc o un cellulare con Wathsapp o altre piattaforme che permettono il collegamento video.<\/span><\/li>\n<li><span style=\"color: #000000;\">\u00e8 <strong>ecologica<\/strong>. Sembra secondario, ma \u00e8 importante riflettere su quanta benzina si risparmia collegandosi on line.<\/span><\/li>\n<li><span style=\"color: #000000;\">\u00e8 <strong>sempre fatturata<\/strong>, annulla il pagamento in nero. Parliamoci chiaro, perch\u00e9 \u00e8 un dato importante anche questo: non essendoci un contatto fisico, i pagamenti sono esclusivamente tracciati. Non ci sar\u00e0 terapeuta che potr\u00e0 proporti il nero. Quindi finalmente ci sar\u00e0 un pagamento agevolato, senza sotterfugi a danno dello Stato e del Cliente.<\/span><\/li>\n<\/ul>\n\n<div class=\"wp-block-image\">\n<figure class=\"alignleft\"><img decoding=\"async\" loading=\"lazy\" width=\"240\" height=\"198\" src=\"https:\/\/giovannigarufibozza.it\/psicologosalute\/wp-content\/uploads\/sites\/13\/2020\/03\/psicoterapia-online.jpg\" alt=\"\" class=\"wp-image-496\"\/><\/figure><\/div>\n\n\n<p><span style=\"color: #000000;\"><\/span><\/p><h2>Dubbi e domande sulla terapia online  <\/h2>\n\n\n<p><span style=\"color: #000000;\">Cerco anche di sciogliere i dubbi pi\u00f9 comuni sulla psicoterapia on line:<\/span><\/p>\n<p><span style=\"color: #000000;\"><strong>Non ti perdi parte del comportamento non verbale? <\/strong><\/span><\/p>\n<p><span style=\"color: #000000;\">No, <strong>posso vedere il volto<\/strong> che, come sai, esprime pi\u00f9 di qualunque altra parte del corpo le emozioni provate dalla persona; <strong>posso ascoltare la voce<\/strong> (tono, ritmo, velocit\u00e0), che \u00e8 un altro importantissimo veicolo di informazioni.<\/span><\/p>\n<p><span style=\"color: #000000;\"><strong>Non \u00e8 uno modo meno \u201ccaldo\u201d di vedere le persone?<\/strong><\/span><\/p>\n<p><span style=\"color: #000000;\">Il rapporto online non \u00e8 freddo o distaccato: molti, addirittura, lo preferiscono, specie in questo periodo storico molto &#8220;social&#8221; (e nel post Covid). In pi\u00f9 quando parli con un terapeuta tramite Skype, <strong>non stai parlando con un freddo robot:<\/strong> c\u2019\u00e8 un essere umano dall\u2019altra parte. In pi\u00f9, per molte persone la vicinanza fisica \u00e8 fonte di disagio, imbarazzo, ansia. <strong>Per tutte loro la terapia online \u00e8 molto pi\u00f9 accettabile.<\/strong><\/span><\/p>\n<p><span style=\"color: #000000;\"><strong>Non bisogna fare prima una seduta di persona?<\/strong><\/span><\/p>\n<p><span style=\"color: #000000;\">No, non \u00e8 necessario. Ma se \u00e8 richiesto dal cliente, \u00e8 possibile.<\/span><\/p>\n<p><strong>Ci sono dei casi in cui la terapia online \u00e8 sconsigliata?<\/strong><\/p>\n<p>Naturalmente, ma \u00e8 un qualcosa che \u00e8 legato soprattutto alla personalit\u00e0 dell&#8217;utente e quindi va valutato a seconda dei casi.\u00a0\u00a0<\/p>\n<p><span style=\"color: #000000;\">Per prendere appuntamento o per maggiori informazioni:<\/span> <strong><a href=\"https:\/\/giovannigarufibozza.it\/psicologosalute\/prenota-un-appuntamento\/\">clicca qui<\/a>.<\/strong><\/p>","protected":false},"excerpt":{"rendered":"<p>Da diversi anni ho assistiti che si collegano con me via Skype e Chiamate Video Wathsapp, da diverse parti dell&#8217;Italia e dell&#8217;Europa. I primi che hanno sperimentato questa modalit\u00e0 erano quegli assistiti che avevano iniziato con me una psicoterapia di persona, e poi, per motivi lavorativi o di studio, si erano dovuti spostare in una&#8230;<\/p>\n","protected":false},"author":1,"featured_media":495,"parent":0,"menu_order":0,"comment_status":"closed","ping_status":"closed","template":"","meta":{"_mi_skip_tracking":false},"_links":{"self":[{"href":"https:\/\/giovannigarufibozza.it\/psicologosalute\/wp-json\/wp\/v2\/pages\/476"}],"collection":[{"href":"https:\/\/giovannigarufibozza.it\/psicologosalute\/wp-json\/wp\/v2\/pages"}],"about":[{"href":"https:\/\/giovannigarufibozza.it\/psicologosalute\/wp-json\/wp\/v2\/types\/page"}],"author":[{"embeddable":true,"href":"https:\/\/giovannigarufibozza.it\/psicologosalute\/wp-json\/wp\/v2\/users\/1"}],"replies":[{"embeddable":true,"href":"https:\/\/giovannigarufibozza.it\/psicologosalute\/wp-json\/wp\/v2\/comments?post=476"}],"version-history":[{"count":15,"href":"https:\/\/giovannigarufibozza.it\/psicologosalute\/wp-json\/wp\/v2\/pages\/476\/revisions"}],"predecessor-version":[{"id":895,"href":"https:\/\/giovannigarufibozza.it\/psicologosalute\/wp-json\/wp\/v2\/pages\/476\/revisions\/895"}],"wp:featuredmedia":[{"embeddable":true,"href":"https:\/\/giovannigarufibozza.it\/psicologosalute\/wp-json\/wp\/v2\/media\/495"}],"wp:attachment":[{"href":"https:\/\/giovannigarufibozza.it\/psicologosalute\/wp-json\/wp\/v2\/media?parent=476"}],"curies":[{"name":"wp","href":"https:\/\/api.w.org\/{rel}","templated":true}]}}