{"id":364,"date":"2019-01-25T08:26:46","date_gmt":"2019-01-25T07:26:46","guid":{"rendered":"http:\/\/giovannigarufibozza.it\/psicologosalute\/?page_id=364"},"modified":"2024-12-05T14:12:19","modified_gmt":"2024-12-05T13:12:19","slug":"psicodiagnostica-clinica-e-forense","status":"publish","type":"page","link":"https:\/\/giovannigarufibozza.it\/psicologosalute\/di-cosa-mi-occupo\/psicodiagnostica-clinica-e-forense\/","title":{"rendered":"Psicodiagnostica Clinica e Forense"},"content":{"rendered":"<p><span style=\"color: #000000;\"><a href=\"http:\/\/giovannigarufibozza.it\/psicologosalute\/wp-content\/uploads\/sites\/13\/2019\/01\/res629398_fit_378x407_0.jpg\"><img decoding=\"async\" loading=\"lazy\" class=\"alignright size-medium wp-image-368\" src=\"http:\/\/giovannigarufibozza.it\/psicologosalute\/wp-content\/uploads\/sites\/13\/2019\/01\/res629398_fit_378x407_0-279x300.jpg\" alt=\"res629398_fit_378x407_0\" width=\"279\" height=\"300\" srcset=\"https:\/\/giovannigarufibozza.it\/psicologosalute\/wp-content\/uploads\/sites\/13\/2019\/01\/res629398_fit_378x407_0-279x300.jpg 279w, https:\/\/giovannigarufibozza.it\/psicologosalute\/wp-content\/uploads\/sites\/13\/2019\/01\/res629398_fit_378x407_0.jpg 378w\" sizes=\"(max-width: 279px) 100vw, 279px\" \/><\/a>L&#8217;esame psicodiagnostico \u00e8 un esame che permette la valutazione della personalit\u00e0 a pi\u00f9 livelli:<\/span><\/p>\n<ul>\n<li><span style=\"color: #000000;\">Cognitivo<\/span><\/li>\n<li><span style=\"color: #000000;\">Emotivo<\/span><\/li>\n<li><span style=\"color: #000000;\">Relazionale<\/span><\/li>\n<li><span style=\"color: #000000;\">Difensivo<\/span><\/li>\n<\/ul>\n<p><span style=\"color: #000000;\">Emerge cos\u00ec una relazione che d\u00e0 una descrizione della persona sia a livello di funzionamento psicologico che di psicopatologia.<\/span><\/p>\n<p><strong><span style=\"color: #000000;\">Per i minori utilizzo prevalentemente i seguenti reattivi:<\/span><\/strong><\/p>\n<ul>\n<li><span style=\"color: #000000;\">WISC-IV (livello cognitivo)<\/span><\/li>\n<li>WISC-V (livello cognitivo)<\/li>\n<li><span style=\"color: #000000;\">Disegno della figura umana\u00a0<\/span><\/li>\n<li><span style=\"color: #000000;\">Disegno della famiglia<\/span><\/li>\n<li><span style=\"color: #000000;\">Test dell&#8217;albero<\/span><\/li>\n<li><span style=\"color: #000000;\">Bender Visual Motor Gestalt Test<\/span><\/li>\n<li><span style=\"color: #000000;\">Disegno del bambino sotto la pioggia<\/span><\/li>\n<li><span style=\"color: #000000;\">Family Attitudes Test (relazioni familiari)<\/span><\/li>\n<li>Family Relations Test (FRT)<\/li>\n<li><span style=\"color: #000000;\">Blacky Pictures<\/span><\/li>\n<li><span style=\"color: #000000;\">Test Rorschach (Metodo CEIPA, CS ed R-PAS)<\/span><\/li>\n<li><span style=\"color: #000000;\">SAFA<\/span><\/li>\n<li><span style=\"color: #000000;\">Bia (ADHD)<\/span><\/li>\n<li><span style=\"color: #000000;\">GSS (per valutazione idoneit\u00e0 a testimoniare)<\/span><\/li>\n<li><span style=\"color: #000000;\">Colloquio Anamnestico con i genitori<\/span><\/li>\n<li><span style=\"color: #000000;\">Osservazione Comportamentale dei genitori e del minore<\/span><\/li>\n<li>PAI_A<\/li>\n<\/ul>\n<p><span style=\"color: #000000;\"><strong>In particolare, per valutare l&#8217;attaccamento, utilizzo<\/strong>:<\/span><\/p>\n<ul>\n<li><span style=\"color: #000000;\">Adult Attachment Interview;<\/span><\/li>\n<li><span style=\"color: #000000;\">Attachment Q-Sort;<\/span><\/li>\n<li><span style=\"color: #000000;\">SAT (Separation Anxiety Test);<\/span><\/li>\n<li>IPPA (Inventario per l\u2019Attaccamento ai Genitori ed ai Pari)<\/li>\n<\/ul>\n<p><strong><span style=\"color: #000000;\">Per gli adulti utilizzo prevalentemente i seguenti reattivi:<\/span><\/strong><\/p>\n<ul>\n<li><span style=\"color: #000000;\">Rorschach &#8211; metodo Rizzo, integrato Ceipa<\/span><\/li>\n<li><span style=\"color: #000000;\">Rorschach &#8211; metodo CS di Exner<\/span><\/li>\n<li><span style=\"color: #000000;\">Rorschach &#8211; metodo R-PAS<\/span><\/li>\n<li><span style=\"color: #000000;\">Scale Wechsler<\/span><\/li>\n<li><span style=\"color: #000000;\">MMPI-2 (MMPI-A per gli adolescenti)<\/span><\/li>\n<li><span style=\"color: #000000;\">MMPI-2-RF<\/span><\/li>\n<li><span style=\"color: #000000;\">Millon test<\/span><\/li>\n<li><span style=\"color: #000000;\">PAI<\/span><\/li>\n<li><span style=\"color: #000000;\">Adult Attachment Interview<\/span><\/li>\n<li><span style=\"color: #000000;\">CUIDA\u00a0 (valutazione genitorialit\u00e0)<\/span><\/li>\n<li><span style=\"color: #000000;\">Parent Preference Test (valutazione genitorialit\u00e0)<\/span><\/li>\n<li>Parent Stress Index <span style=\"color: #000000;\">(valutazione genitorialit\u00e0)<\/span><\/li>\n<li>TKR <span style=\"color: #000000;\">(valutazione genitorialit\u00e0)<\/span><\/li>\n<li><span style=\"color: #000000;\">EXIDA (valutazione del danno)<\/span><\/li>\n<li><span style=\"color: #000000;\">Disegno della figura umana<\/span><\/li>\n<li><span style=\"color: #000000;\">SCID-CV\u00a0<\/span><\/li>\n<li><span style=\"color: #000000;\">SCID-PD<\/span><\/li>\n<li><span style=\"color: #000000;\">Tas-20<\/span><\/li>\n<li><span style=\"color: #000000;\">TAT<\/span><\/li>\n<li><span style=\"color: #000000;\">O.R.T.<\/span><\/li>\n<li><span style=\"color: #000000;\">Bender Visual Motor Gestalt Test<\/span><\/li>\n<li><span style=\"color: #000000;\">Wais-IV<\/span><\/li>\n<li><span style=\"color: #000000;\">GSS (per valutazione idoneit\u00e0 a testimoniare)<\/span><\/li>\n<li><span style=\"color: #000000;\">SWAP-200<\/span><\/li>\n<li><span style=\"color: #000000;\">Colloquio Anamnestico<\/span><\/li>\n<li><span style=\"color: #000000;\">Osservazione Comportamentale<\/span><\/li>\n<\/ul>\n<p><span style=\"color: #000000;\">La valutazione pu\u00f2 essere richiesta sia dal cliente, che dal proprio terapeuta, che dagli avvocati per i propri clienti in ambito civile e penale.<\/span><\/p>\n<p><span style=\"color: #000000;\">La valutazione, infatti, pu\u00f2 esser utilizzata sia a livello clinico, per impostare un percorso psicoterapeutico basato sul funzionamento della propria personalit\u00e0 e sulla specifica psicopatologia emersa, sia in ambito forense, nei seguenti ambiti:<\/span><\/p>\n<ul>\n<li><span style=\"color: #000000;\"><strong>Indagine e refertazione psicodiagnostica a uso pensioni, invalidit\u00e0 e idoneit\u00e0 alla guida<\/strong>.<\/span><\/li>\n<\/ul>\n<ul>\n<li><strong><span style=\"color: #000000;\">Refertazione psicodiagnostica per la valutazione dei postumi d\u2019infortunio o incidente.<\/span><\/strong><\/li>\n<\/ul>\n<ul>\n<li><strong><span style=\"color: #000000;\">Indagine e refertazione psicodiagnostica a uso interdizione e nomina amministratore di sostegno.<\/span><\/strong><\/li>\n<\/ul>\n<ul>\n<li><strong><span style=\"color: #000000;\">Valutazione del danno psicologico ed esistenziale (in caso di Mobbing, Burn out, Stress Lavoro Correlato, Stalking e Maltrattamenti).<\/span><\/strong><\/li>\n<\/ul>\n<ul>\n<li><strong><span style=\"color: #000000;\">Valutazione delle competenze genitoriali nei casi di affido, adozione, separazione e divorzio.<\/span><\/strong><\/li>\n<li><strong><span style=\"color: #000000;\">Valutazione dell&#8217;idoneit\u00e0 alla testimonianza e valutazione della capacit\u00e0 di intendere e volere (ambito penale).<\/span><\/strong><\/li>\n<\/ul>\n","protected":false},"excerpt":{"rendered":"<p>L&#8217;esame psicodiagnostico \u00e8 un esame che permette la valutazione della personalit\u00e0 a pi\u00f9 livelli: Cognitivo Emotivo Relazionale Difensivo Emerge cos\u00ec una relazione che d\u00e0 una descrizione della persona sia a livello di funzionamento psicologico che di psicopatologia. Per i minori utilizzo prevalentemente i seguenti reattivi: WISC-IV (livello cognitivo) WISC-V (livello cognitivo) Disegno della figura umana\u00a0&#8230;<\/p>\n","protected":false},"author":1,"featured_media":0,"parent":13,"menu_order":1,"comment_status":"open","ping_status":"open","template":"","meta":{"_mi_skip_tracking":false},"_links":{"self":[{"href":"https:\/\/giovannigarufibozza.it\/psicologosalute\/wp-json\/wp\/v2\/pages\/364"}],"collection":[{"href":"https:\/\/giovannigarufibozza.it\/psicologosalute\/wp-json\/wp\/v2\/pages"}],"about":[{"href":"https:\/\/giovannigarufibozza.it\/psicologosalute\/wp-json\/wp\/v2\/types\/page"}],"author":[{"embeddable":true,"href":"https:\/\/giovannigarufibozza.it\/psicologosalute\/wp-json\/wp\/v2\/users\/1"}],"replies":[{"embeddable":true,"href":"https:\/\/giovannigarufibozza.it\/psicologosalute\/wp-json\/wp\/v2\/comments?post=364"}],"version-history":[{"count":25,"href":"https:\/\/giovannigarufibozza.it\/psicologosalute\/wp-json\/wp\/v2\/pages\/364\/revisions"}],"predecessor-version":[{"id":939,"href":"https:\/\/giovannigarufibozza.it\/psicologosalute\/wp-json\/wp\/v2\/pages\/364\/revisions\/939"}],"up":[{"embeddable":true,"href":"https:\/\/giovannigarufibozza.it\/psicologosalute\/wp-json\/wp\/v2\/pages\/13"}],"wp:attachment":[{"href":"https:\/\/giovannigarufibozza.it\/psicologosalute\/wp-json\/wp\/v2\/media?parent=364"}],"curies":[{"name":"wp","href":"https:\/\/api.w.org\/{rel}","templated":true}]}}