{"id":141,"date":"2016-04-01T08:31:16","date_gmt":"2016-04-01T06:31:16","guid":{"rendered":"http:\/\/giovannigarufibozza.it\/psicologosalute\/?page_id=141"},"modified":"2016-04-06T14:43:19","modified_gmt":"2016-04-06T12:43:19","slug":"psicoterapiaconsulenzapsicopromozione-familiare","status":"publish","type":"page","link":"https:\/\/giovannigarufibozza.it\/psicologosalute\/di-cosa-mi-occupo\/psicoterapiaconsulenzapsicopromozione-familiare\/","title":{"rendered":"Psicoterapia\/consulenza\/psicopromozione familiare"},"content":{"rendered":"<p><span style=\"color: #000000;\"><br \/>\n<img decoding=\"async\" loading=\"lazy\" class=\" alignright\" src=\"https:\/\/encrypted-tbn0.gstatic.com\/images?q=tbn:ANd9GcSdpyhGqGcqWEQ4vIXBO7tA-X2CRun-wzPVuTP9KwK7n2IEIZbX\" alt=\"Risultati immagini per psicoterapia familiare\" width=\"283\" height=\"211\" \/>Oggi abbiamo diverse definizioni e tipologie di famiglie, ma resta un nodo comune tra esse: la famiglia \u00e8 un sistema, e come tale risponde alle regole di appartenenza, ordine ed equilibrio tra i membri. Nessuno va escluso dalla famiglia (<strong>appartenenza<\/strong>). I pi\u00f9 grandi restano pi\u00f9 grandi e i piccoli pi\u00f9 piccoli, i ruoli non possono essere invertiti e dunque un figlio non pu\u00f2 fare da genitore al proprio genitore (<strong>ordine<\/strong>). Ogni membro della famiglia deve e pu\u00f2 avere uno scambio armonico e continuo con ciascun altro membro\u00a0(<strong>equilibrio<\/strong>).<\/span><\/p>\n<p><span style=\"color: #000000;\">Quando una o pi\u00f9 di queste regole fondamentali di ogni sistema viene violata, iniziano problemi.<\/span><\/p>\n<p><span style=\"color: #000000;\">Considero la consulenza, la psicoterapia e la psico-promozione familiare capaci di attivare cambiamenti pi\u00f9 profondi\u00a0rispetto a quanto avviene a livello individuale, perch\u00e9 \u00e8 il sistema stesso a trovare le proprie risorse e a usarle per il benessere dei suoi componenti. Nella maggior parte dei casi, ma mi spingerei a dire tutti, quando un singolo esprime un disagio, a qualunque livello e di qualunque tipo, si sta facendo portavoce di un disagio pi\u00f9 profondo che coinvolge l&#8217;intero sistema. Un esempio tra tutti: un bambino o un giovane che si &#8220;ammala&#8221; di ansia e attacchi di panico per tenere insieme i propri genitori.<\/span><\/p>\n<p><span style=\"color: #000000;\"> <img decoding=\"async\" class=\" alignleft\" src=\"https:\/\/encrypted-tbn1.gstatic.com\/images?q=tbn:ANd9GcQ2wCLHsx9CW2jejM1S_Wn5w_MMQ6b1h6l_7rPgMfpmIHIgpGx-ng\" alt=\"Risultati immagini per famiglia\" \/>Se sono tutti i membri del sistema a prendere in carico e a riconoscere il problema, essi stessi diventano la soluzione allo stesso. Perch\u00e9 ogni sistema ha risorse e limiti, e pu\u00f2 usare le prime per superare i secondi.<\/span><\/p>\n<p><span style=\"color: #000000;\">Credo talmente tanto nel potere del sistema e del contesto familiare, che la prima cosa che chiedo a un singolo che viene in terapia \u00e8 di parlarmi dei suoi famigliari a livello <strong>trigenerazionale<\/strong> (nonni-genitori-figli) e tengo in mente le vicissitudini familiari in ogni incontro. <\/span><\/p>\n<p><span style=\"color: #000000;\">Avere la possibilit\u00e0 di dedicarsi un percorso con tutti i membri della propria famiglia\u00a0attiva mutamenti profondi in ogni membro, apre la possibilit\u00e0 di rompere dinamiche cristallizzate, di dar senso a sintomi incistati e di vedere il problema che il nucleo familiare porta come risorsa di cambiamento.<\/span><\/p>\n<p><span style=\"color: #000000;\">Il percorso familiare \u00e8 diverso da quello individuale soprattutto per i tempi di incontro con lo psicoterapeuta, maggiormente dilatati nel tempo rispetto al classico incontro settimanale.<\/span><\/p>\n<p><span style=\"color: #000000;\">Per prendere un appuntamento, o per avere maggiori informazioni<\/span>\u00a0<strong><a href=\"http:\/\/giovannigarufibozza.it\/psicologosalute\/prenota-un-appuntamento\/\">clicca qui<\/a><\/strong><span style=\"color: #000000;\">. <\/span><\/p>\n<p><span style=\"color: #000000;\">Dopo un primo incontro di valutazione iniziale (della vostra famiglia di me e io delle domande che portate), decideremo se iniziare questo percorso insieme.<\/span><\/p>\n","protected":false},"excerpt":{"rendered":"<p>Oggi abbiamo diverse definizioni e tipologie di famiglie, ma resta un nodo comune tra esse: la famiglia \u00e8 un sistema, e come tale risponde alle regole di appartenenza, ordine ed equilibrio tra i membri. Nessuno va escluso dalla famiglia (appartenenza). I pi\u00f9 grandi restano pi\u00f9 grandi e i piccoli pi\u00f9 piccoli, i ruoli non possono&#8230;<\/p>\n","protected":false},"author":1,"featured_media":0,"parent":13,"menu_order":4,"comment_status":"open","ping_status":"open","template":"","meta":{"_mi_skip_tracking":false},"_links":{"self":[{"href":"https:\/\/giovannigarufibozza.it\/psicologosalute\/wp-json\/wp\/v2\/pages\/141"}],"collection":[{"href":"https:\/\/giovannigarufibozza.it\/psicologosalute\/wp-json\/wp\/v2\/pages"}],"about":[{"href":"https:\/\/giovannigarufibozza.it\/psicologosalute\/wp-json\/wp\/v2\/types\/page"}],"author":[{"embeddable":true,"href":"https:\/\/giovannigarufibozza.it\/psicologosalute\/wp-json\/wp\/v2\/users\/1"}],"replies":[{"embeddable":true,"href":"https:\/\/giovannigarufibozza.it\/psicologosalute\/wp-json\/wp\/v2\/comments?post=141"}],"version-history":[{"count":3,"href":"https:\/\/giovannigarufibozza.it\/psicologosalute\/wp-json\/wp\/v2\/pages\/141\/revisions"}],"predecessor-version":[{"id":161,"href":"https:\/\/giovannigarufibozza.it\/psicologosalute\/wp-json\/wp\/v2\/pages\/141\/revisions\/161"}],"up":[{"embeddable":true,"href":"https:\/\/giovannigarufibozza.it\/psicologosalute\/wp-json\/wp\/v2\/pages\/13"}],"wp:attachment":[{"href":"https:\/\/giovannigarufibozza.it\/psicologosalute\/wp-json\/wp\/v2\/media?parent=141"}],"curies":[{"name":"wp","href":"https:\/\/api.w.org\/{rel}","templated":true}]}}