{"id":11,"date":"2015-11-28T09:38:01","date_gmt":"2015-11-28T08:38:01","guid":{"rendered":"http:\/\/giovannigarufibozza.it\/psicologosalute\/?page_id=11"},"modified":"2024-09-20T13:04:12","modified_gmt":"2024-09-20T11:04:12","slug":"dove-mi-trovi","status":"publish","type":"page","link":"https:\/\/giovannigarufibozza.it\/psicologosalute\/dove-mi-trovi\/","title":{"rendered":"Dove ricevo"},"content":{"rendered":"\n<p><span style=\"color: #000000;\">Ricevo, previo appuntamento, nei seguenti studi e orari:<\/span><\/p>\n\n\n\n<p><span style=\"color: #000000;\">&#8211; Su <strong>Skype<\/strong>, con orari e giorni concordabili e flessibili a seconda delle esigenze dell&#8217;utente. Essendo on line, l&#8217;utente pu\u00f2 contattarmi da qualunque citt\u00e0 o nazione.<\/span><\/p>\n\n\n\n<p><span style=\"color: #000000;\">&#8211; Viale delle Medaglie D&#8217;Oro, 219 (Stazione ferroviaria Balduina), il <strong>marted\u00ec<em>,<\/em> mercoled\u00ec<\/strong> e <strong>gioved\u00ec<\/strong>.<\/span><\/p>\n\n\n\n<iframe src=\"https:\/\/www.google.com\/maps\/embed?pb=!1m18!1m12!1m3!1d2968.8928136183576!2d12.440903814816123!3d41.916662870980126!2m3!1f0!2f0!3f0!3m2!1i1024!2i768!4f13.1!3m3!1m2!1s0x132f6083c2051b0d%3A0x6f1db8004ea111c5!2sViale%20delle%20Medaglie%20d'Oro%2C%20219%2C%2000136%20Roma%20RM!5e0!3m2!1sit!2sit!4v1645469483935!5m2!1sit!2sit\" width=\"600\" height=\"450\" style=\"border:0;\" allowfullscreen=\"\" loading=\"lazy\"><\/iframe>\n\n\n\n<p><\/p>\n\n\n\n<p><\/p>\n\n\n\n<p><span style=\"color: #000000;\">&#8211; Via delle Baleniere, 186&nbsp;(Lido di Ostia), il <strong>luned\u00ec<\/strong>.<\/span><\/p>\n\n\n\n<iframe src=\"https:\/\/www.google.com\/maps\/embed?pb=!1m18!1m12!1m3!1d2977.127579698293!2d12.277769875075878!3d41.73934097409212!2m3!1f0!2f0!3f0!3m2!1i1024!2i768!4f13.1!3m3!1m2!1s0x1325f0222c4ca875%3A0x2d815ee1d3838c16!2sVia%20delle%20Baleniere%2C%20186%2C%2000121%20Roma%20RM!5e0!3m2!1sit!2sit!4v1693024591153!5m2!1sit!2sit\" width=\"600\" height=\"450\" style=\"border:0;\" allowfullscreen=\"\" loading=\"lazy\" referrerpolicy=\"no-referrer-when-downgrade\"><\/iframe>\n\n\n\n<p><\/p>\n\n\n\n<p><\/p>\n\n\n\n<p><span style=\"color: #000000;\">&#8211; Via della Giustiniana, 50 (Prima Porta), Studio SAPSI il <strong>Venerd\u00ec<\/strong>.<\/span><\/p>\n\n\n\n<iframe src=\"https:\/\/www.google.com\/maps\/embed?pb=!1m18!1m12!1m3!1d2964.924157696132!2d12.487034699999999!3d42.0019032!2m3!1f0!2f0!3f0!3m2!1i1024!2i768!4f13.1!3m3!1m2!1s0x132f664ba6d97727%3A0x4ae5639909662044!2sVia%20della%20Giustiniana%2C%2050%2C%2000188%20Roma%20RM!5e0!3m2!1sit!2sit!4v1665924209300!5m2!1sit!2sit\" width=\"600\" height=\"450\" style=\"border:0;\" allowfullscreen=\"\" loading=\"lazy\" referrerpolicy=\"no-referrer-when-downgrade\"><\/iframe>\n","protected":false},"excerpt":{"rendered":"<p>Ricevo, previo appuntamento, nei seguenti studi e orari: &#8211; Su Skype, con orari e giorni concordabili e flessibili a seconda delle esigenze dell&#8217;utente. Essendo on line, l&#8217;utente pu\u00f2 contattarmi da qualunque citt\u00e0 o nazione. &#8211; Viale delle Medaglie D&#8217;Oro, 219 (Stazione ferroviaria Balduina), il marted\u00ec, mercoled\u00ec e gioved\u00ec. &#8211; Via delle Baleniere, 186&nbsp;(Lido di Ostia),&#8230;<\/p>\n","protected":false},"author":1,"featured_media":0,"parent":0,"menu_order":0,"comment_status":"open","ping_status":"open","template":"","meta":{"_mi_skip_tracking":false},"_links":{"self":[{"href":"https:\/\/giovannigarufibozza.it\/psicologosalute\/wp-json\/wp\/v2\/pages\/11"}],"collection":[{"href":"https:\/\/giovannigarufibozza.it\/psicologosalute\/wp-json\/wp\/v2\/pages"}],"about":[{"href":"https:\/\/giovannigarufibozza.it\/psicologosalute\/wp-json\/wp\/v2\/types\/page"}],"author":[{"embeddable":true,"href":"https:\/\/giovannigarufibozza.it\/psicologosalute\/wp-json\/wp\/v2\/users\/1"}],"replies":[{"embeddable":true,"href":"https:\/\/giovannigarufibozza.it\/psicologosalute\/wp-json\/wp\/v2\/comments?post=11"}],"version-history":[{"count":19,"href":"https:\/\/giovannigarufibozza.it\/psicologosalute\/wp-json\/wp\/v2\/pages\/11\/revisions"}],"predecessor-version":[{"id":933,"href":"https:\/\/giovannigarufibozza.it\/psicologosalute\/wp-json\/wp\/v2\/pages\/11\/revisions\/933"}],"wp:attachment":[{"href":"https:\/\/giovannigarufibozza.it\/psicologosalute\/wp-json\/wp\/v2\/media?parent=11"}],"curies":[{"name":"wp","href":"https:\/\/api.w.org\/{rel}","templated":true}]}}