{"id":29,"date":"2018-07-15T09:36:28","date_gmt":"2018-07-15T07:36:28","guid":{"rendered":"http:\/\/giovannigarufibozza.it\/lamorecheviola\/?page_id=29"},"modified":"2018-07-15T09:55:28","modified_gmt":"2018-07-15T07:55:28","slug":"viola-ti-regala-un-romanzo","status":"publish","type":"page","link":"https:\/\/giovannigarufibozza.it\/lamorecheviola\/viola-ti-regala-un-romanzo\/","title":{"rendered":"Viola ti regala un romanzo"},"content":{"rendered":"<p><a href=\"http:\/\/giovannigarufibozza.it\/lamorecheviola\/wp-content\/uploads\/sites\/14\/2018\/07\/Senza-titolo-1.jpg\"><img decoding=\"async\" loading=\"lazy\" class=\"aligncenter size-medium wp-image-22\" src=\"http:\/\/giovannigarufibozza.it\/lamorecheviola\/wp-content\/uploads\/sites\/14\/2018\/07\/Senza-titolo-1-300x72.jpg\" alt=\"Senza titolo-1\" width=\"300\" height=\"72\" srcset=\"https:\/\/giovannigarufibozza.it\/lamorecheviola\/wp-content\/uploads\/sites\/14\/2018\/07\/Senza-titolo-1-300x72.jpg 300w, https:\/\/giovannigarufibozza.it\/lamorecheviola\/wp-content\/uploads\/sites\/14\/2018\/07\/Senza-titolo-1-1024x245.jpg 1024w, https:\/\/giovannigarufibozza.it\/lamorecheviola\/wp-content\/uploads\/sites\/14\/2018\/07\/Senza-titolo-1-600x143.jpg 600w, https:\/\/giovannigarufibozza.it\/lamorecheviola\/wp-content\/uploads\/sites\/14\/2018\/07\/Senza-titolo-1.jpg 1260w\" sizes=\"(max-width: 300px) 100vw, 300px\" \/><\/a>Ebbene s\u00ec,\u00a0acquistando Viola, riceverai in regalo un romanzo di Giovanni Garufi Bozza, intitolato\u00a0<em>Claudia, questo bimbo non s\u2019ha da fare.<\/em> O, se lo hai gi\u00e0 letto, un romanzo a tua scelta.<\/p>\n<p><strong>Come puoi averlo?<\/strong><\/p>\n<p>Semplice,\u00a0comprando\u00a0Viola e contattando l\u2019autore alla mail che troverai dentro al libro, inviando un commento dopo averlo letto.<\/p>\n<p>Due romanzi al prezzo di uno, perch\u00e9 la cultura va diffusa, sempre. E il rapporto autore-lettore \u00e8 pi\u00f9 importante di qualunque altra cosa\u00a0<img decoding=\"async\" class=\"wp-smiley\" src=\"http:\/\/giovannigarufibozza.it\/alina\/wp-includes\/images\/smilies\/icon_smile.gif\" alt=\":)\" \/><\/p>\n<p>Oltre al romanzo in regalo, puoi richiedere tutti i racconti dell\u2019autore. Praticamente\u00a0Viola ti dar\u00e0 da leggere per un mese intero!<\/p>\n","protected":false},"excerpt":{"rendered":"<p>Ebbene s\u00ec,\u00a0acquistando Viola, riceverai in regalo un romanzo di Giovanni Garufi Bozza, intitolato\u00a0Claudia, questo bimbo non s\u2019ha da fare. O, se lo hai gi\u00e0 letto, un romanzo a tua scelta. Come puoi averlo? Semplice,\u00a0comprando\u00a0Viola e contattando l\u2019autore alla mail che troverai dentro al libro, inviando un commento dopo averlo letto. Due romanzi al prezzo di &hellip; <a href=\"https:\/\/giovannigarufibozza.it\/lamorecheviola\/viola-ti-regala-un-romanzo\/\" class=\"more-link\">Continua la lettura di <span class=\"screen-reader-text\">Viola ti regala un romanzo<\/span> <span class=\"meta-nav\">&rarr;<\/span><\/a><\/p>\n","protected":false},"author":1,"featured_media":0,"parent":0,"menu_order":0,"comment_status":"open","ping_status":"open","template":"","meta":{"_mi_skip_tracking":false},"_links":{"self":[{"href":"https:\/\/giovannigarufibozza.it\/lamorecheviola\/wp-json\/wp\/v2\/pages\/29"}],"collection":[{"href":"https:\/\/giovannigarufibozza.it\/lamorecheviola\/wp-json\/wp\/v2\/pages"}],"about":[{"href":"https:\/\/giovannigarufibozza.it\/lamorecheviola\/wp-json\/wp\/v2\/types\/page"}],"author":[{"embeddable":true,"href":"https:\/\/giovannigarufibozza.it\/lamorecheviola\/wp-json\/wp\/v2\/users\/1"}],"replies":[{"embeddable":true,"href":"https:\/\/giovannigarufibozza.it\/lamorecheviola\/wp-json\/wp\/v2\/comments?post=29"}],"version-history":[{"count":3,"href":"https:\/\/giovannigarufibozza.it\/lamorecheviola\/wp-json\/wp\/v2\/pages\/29\/revisions"}],"predecessor-version":[{"id":44,"href":"https:\/\/giovannigarufibozza.it\/lamorecheviola\/wp-json\/wp\/v2\/pages\/29\/revisions\/44"}],"wp:attachment":[{"href":"https:\/\/giovannigarufibozza.it\/lamorecheviola\/wp-json\/wp\/v2\/media?parent=29"}],"curies":[{"name":"wp","href":"https:\/\/api.w.org\/{rel}","templated":true}]}}