{"id":18,"date":"2018-07-05T15:42:24","date_gmt":"2018-07-05T13:42:24","guid":{"rendered":"http:\/\/giovannigarufibozza.it\/lamorecheviola\/?page_id=18"},"modified":"2018-10-24T09:05:35","modified_gmt":"2018-10-24T07:05:35","slug":"commenti-dei-lettori","status":"publish","type":"page","link":"https:\/\/giovannigarufibozza.it\/lamorecheviola\/commenti-dei-lettori\/","title":{"rendered":"Commenti dei lettori"},"content":{"rendered":"<p><strong>Nicoletta ha scritto su Amazon.it:<\/strong><\/p>\n<p><em>E&#8217; un bel libro che racchiude e spiega da un punto di vista psicologico varie situazioni che a volte viviamo in un rapporto di coppia senza rendercene conto. Bello anche il titolo che si pu\u00f2 leggere in 2 modi&#8230;V\u00eciola o Vi\u00f2la&#8230;<\/em><\/p>\n<hr \/>\n<p>&nbsp;<\/p>\n<p><strong>Giada S. mi ha scritto:<\/strong><\/p>\n<p><em>\u00c8 tanto che non mi capitava di restare incollata alle pagine di un libro;<\/em><\/p>\n<div dir=\"auto\"><em>questa volta \u00e8 accaduto con il tuo.<\/em><\/div>\n<div dir=\"auto\"><\/div>\n<div dir=\"auto\"><em>Sono deliziata dal modo in cui hai riproposto, con scorrevole narrativa, ll percorso terapeutico della tua protagonista.<\/em><\/div>\n<div dir=\"auto\"><em>Non ci sono tempi morti, il racconto \u00e8 un susseguirsi di emozioni e di identificazioni, che solo una buona penna pu\u00f2 creare.<\/em><\/div>\n<div dir=\"auto\"><em>Un dettaglio importante che voglio rimandarti \u00e8 la capacit\u00e0 di saper raccontare con rara autenticit\u00e0, la vita di una donna, attraverso le sue paure e desideri.\u00a0<\/em><\/div>\n<div dir=\"auto\"><em>Viola l&#8217;ho letta quasi tutta d&#8217;un fiato, quindi, grazie per averla creata (o riprodotta, chiss\u00e0).\u00a0<\/em><\/div>\n<div dir=\"auto\"><em>Pu\u00f2 essere uno spunto per molti ad avvicinarsi alla figura dello psicologo, lo consiglier\u00f2 con molto piacere!<\/em><\/div>\n<div dir=\"auto\"><em>Mi ha incuriosito molto il finale, ma dal punto di vista di DDM,<\/em><\/div>\n<p>&nbsp;<\/p>\n<hr \/>\n<p>&nbsp;<\/p>\n<p><strong>Veronica\u00a0mi ha scritto:<\/strong><\/p>\n<p><em>La storia di Viola \u00e8 arrivata in un periodo in cui difficilmente le pagine di un libro riuscivano a rapirmi.<\/em><\/p>\n<p><em>Mi ha appassionato il percorso attraverso il quale \u00e8 giunta alla consapevolezza della necessit\u00e0 di cercare una strada per poter suonare libera la propria musica&#8230;senza dipendere dal tocco di mani altrui. E&#8217; stato coinvolgente osservare i personaggi esprimere la propria personalit\u00e0, in particolare Gerard: non solo i suoi comportamenti e le sue comunicazioni verbali, ma anche la sua modalit\u00e0 di fare arte hanno dato luce a tale complessit\u00e0 di caratteristiche peculiari.<\/em><\/p>\n<p><em>Straordinarie le connessioni tra la patologia, i sintomi ed i miti greci con i loro relativi significati! Dietro un racconto non banale c&#8217;\u00e8 sicuramente una cultura ad ampio spettro ed il desiderio di regalare particolari punti di vista su realt\u00e0 alle quali si rivolge il proprio sguardo.<\/em><\/p>\n<p><em>Con la sua dedica ha centrato in pieno quello che \u00e8 stato per me leggere questo romanzo&#8230;<\/em><\/p>\n<p><em>Un viaggio attraverso le emozioni! Emblematico come le nostre relazioni primarie vadano a plasmare la capacit\u00e0 di mettersi in relazione con l&#8217;altro.<\/em><\/p>\n<p><em>Un viaggio di speranza&#8230;laddove la resilienza diventa protagonista e getta le basi per un nuovo domani.<\/em><\/p>\n<hr \/>\n<p>&nbsp;<\/p>\n<p><strong>Simone Pavanelli mi ha scritto:<\/strong><\/p>\n<p><em>Finito adesso il tuo romanzo. Come sempre non tradisci le aspettative. L&#8217;ho gustato a pieno, soprattutto per quanto riguarda il tuo lavoro. Essendo stato in terapia 15 anni fa, ho ritrovato la sensazione di liberazione che avevo dopo ogni seduta. La storia \u00e8 bellissima e scritta, come sai fare tu, in maniera impressionante. Il finale mi ha lasciato l&#8217;amaro in bocca. Il tuo Daniel ha fatto strada: da ragazzino innamorato, a salvatore di ragazze indifese, da amico fidato \u00e8 quasi psicologo per finire come professionista della psiche<\/em><\/p>\n","protected":false},"excerpt":{"rendered":"<p>Nicoletta ha scritto su Amazon.it: E&#8217; un bel libro che racchiude e spiega da un punto di vista psicologico varie situazioni che a volte viviamo in un rapporto di coppia senza rendercene conto. Bello anche il titolo che si pu\u00f2 leggere in 2 modi&#8230;V\u00eciola o Vi\u00f2la&#8230; &nbsp; Giada S. mi ha scritto: \u00c8 tanto che &hellip; <a href=\"https:\/\/giovannigarufibozza.it\/lamorecheviola\/commenti-dei-lettori\/\" class=\"more-link\">Continua la lettura di <span class=\"screen-reader-text\">Commenti dei lettori<\/span> <span class=\"meta-nav\">&rarr;<\/span><\/a><\/p>\n","protected":false},"author":1,"featured_media":0,"parent":0,"menu_order":0,"comment_status":"open","ping_status":"open","template":"","meta":{"_mi_skip_tracking":false},"_links":{"self":[{"href":"https:\/\/giovannigarufibozza.it\/lamorecheviola\/wp-json\/wp\/v2\/pages\/18"}],"collection":[{"href":"https:\/\/giovannigarufibozza.it\/lamorecheviola\/wp-json\/wp\/v2\/pages"}],"about":[{"href":"https:\/\/giovannigarufibozza.it\/lamorecheviola\/wp-json\/wp\/v2\/types\/page"}],"author":[{"embeddable":true,"href":"https:\/\/giovannigarufibozza.it\/lamorecheviola\/wp-json\/wp\/v2\/users\/1"}],"replies":[{"embeddable":true,"href":"https:\/\/giovannigarufibozza.it\/lamorecheviola\/wp-json\/wp\/v2\/comments?post=18"}],"version-history":[{"count":6,"href":"https:\/\/giovannigarufibozza.it\/lamorecheviola\/wp-json\/wp\/v2\/pages\/18\/revisions"}],"predecessor-version":[{"id":78,"href":"https:\/\/giovannigarufibozza.it\/lamorecheviola\/wp-json\/wp\/v2\/pages\/18\/revisions\/78"}],"wp:attachment":[{"href":"https:\/\/giovannigarufibozza.it\/lamorecheviola\/wp-json\/wp\/v2\/media?parent=18"}],"curies":[{"name":"wp","href":"https:\/\/api.w.org\/{rel}","templated":true}]}}