{"id":8,"date":"2015-07-13T17:23:58","date_gmt":"2015-07-13T15:23:58","guid":{"rendered":"http:\/\/giovannigarufibozza.it\/crisalide\/?page_id=8"},"modified":"2015-08-24T06:04:28","modified_gmt":"2015-08-24T04:04:28","slug":"about","status":"publish","type":"page","link":"https:\/\/giovannigarufibozza.it\/crisalide\/about\/","title":{"rendered":"La trasmissione"},"content":{"rendered":"<p><a href=\"http:\/\/giovannigarufibozza.files.wordpress.com\/2012\/10\/221889_158634814200449_5345893_n.jpg\"><img decoding=\"async\" loading=\"lazy\" class=\"size-full wp-image-691 alignleft\" src=\"http:\/\/giovannigarufibozza.files.wordpress.com\/2012\/10\/221889_158634814200449_5345893_n.jpg\" alt=\"221889_158634814200449_5345893_n\" width=\"200\" height=\"202\" \/><\/a><span style=\"color: #000000;\">Nata nel 2012, in seno alla fu Radiovortice, Crisalide \u00e8 una trasmissione che ha l&#8217;ambizione di diventare punto di contatto tra autori e lettori, attraverso la presentazione di opere scritte dalla viva voce di chi le ha concepite e pubblicate.<\/span><\/p>\n<p><span style=\"color: #000000;\">Crisalide non ama le dirette, ma le puntate sono sempre disponibili in podcast. Crediamo infatti che internet abbia un pregio, <strong>lasci una memoria e una traccia<\/strong>, che la nostra redazione, cos\u00ec come gli autori e i lettori, possono condividere nel tempo, a beneficio del libro che si vuole promuovere.<\/span><\/p>\n<p><span style=\"color: #000000;\">Il nome \u00e8 tratto dall\u2019omonima antologia di 14 autori che hanno scritto sulla Crisi, tracciandone una nuova visione, costruttiva e positiva. Questo programma vuol parlare di cultura, in particolare quella portata avanti <strong>dai nuovi autori<\/strong>.<\/span><\/p>\n<p><span style=\"color: #000000;\">\u201cCrisi\u201d \u00e8 la parola cardine: la crisi dell\u2019editoria, degli scrittori, dell\u2019economia e via dicendo\u2026 Una crisi che per\u00f2 pu\u00f2 insegnare, pu\u00f2 portare a costruire una societ\u00e0 nuova, migliore, che vola, per l\u2019appunto, come una Crisalide, dopo essere rimasta rinchiusa nel bozzolo del pessimismo e del catastrofismo.<\/span><\/p>\n<p><span style=\"color: #000000;\">Presenteremo ogni settimana un nuovo autore e un nuovo testo tutto da scoprire, perch\u00e9 questa intervista possa entrare a far parte del suo curriculum di autore lo aiuti a farsi conoscere al grande pubblico e perch\u00e9 ogni lettore abbia modo di scoprire un vasto archivio di opere da assaporare.<\/span><\/p>\n<p><span style=\"color: #000000;\">Per partecipare\u00a0<span style=\"color: #0000ff;\"><a style=\"color: #0000ff;\" href=\"http:\/\/giovannigarufibozza.it\/?page_id=710\"><strong>contattami<\/strong><\/a><\/span>!<\/span><\/p>\n<p><span style=\"color: #000000;\">Sulle ali tracciate dalle parole degli autori emergenti che via via intervisteremo, buon ascolto!<\/span><\/p>\n","protected":false},"excerpt":{"rendered":"<p>Nata nel 2012, in seno alla fu Radiovortice, Crisalide \u00e8 una trasmissione che ha l&#8217;ambizione di diventare punto di contatto tra autori e lettori, attraverso la presentazione di opere scritte dalla viva voce di chi le ha concepite e pubblicate. Crisalide non ama le dirette, ma le puntate sono sempre&#8230;<\/p>\n","protected":false},"author":1,"featured_media":0,"parent":0,"menu_order":1,"comment_status":"open","ping_status":"open","template":"","meta":{"_mi_skip_tracking":false},"_links":{"self":[{"href":"https:\/\/giovannigarufibozza.it\/crisalide\/wp-json\/wp\/v2\/pages\/8"}],"collection":[{"href":"https:\/\/giovannigarufibozza.it\/crisalide\/wp-json\/wp\/v2\/pages"}],"about":[{"href":"https:\/\/giovannigarufibozza.it\/crisalide\/wp-json\/wp\/v2\/types\/page"}],"author":[{"embeddable":true,"href":"https:\/\/giovannigarufibozza.it\/crisalide\/wp-json\/wp\/v2\/users\/1"}],"replies":[{"embeddable":true,"href":"https:\/\/giovannigarufibozza.it\/crisalide\/wp-json\/wp\/v2\/comments?post=8"}],"version-history":[{"count":5,"href":"https:\/\/giovannigarufibozza.it\/crisalide\/wp-json\/wp\/v2\/pages\/8\/revisions"}],"predecessor-version":[{"id":28,"href":"https:\/\/giovannigarufibozza.it\/crisalide\/wp-json\/wp\/v2\/pages\/8\/revisions\/28"}],"wp:attachment":[{"href":"https:\/\/giovannigarufibozza.it\/crisalide\/wp-json\/wp\/v2\/media?parent=8"}],"curies":[{"name":"wp","href":"https:\/\/api.w.org\/{rel}","templated":true}]}}