{"id":68,"date":"2014-04-16T17:02:25","date_gmt":"2014-04-16T17:02:25","guid":{"rendered":"http:\/\/romanzoalina.it\/?page_id=68"},"modified":"2018-07-15T07:35:11","modified_gmt":"2018-07-15T07:35:11","slug":"alina-ti-regala-un-romanzo","status":"publish","type":"page","link":"https:\/\/giovannigarufibozza.it\/alina\/guadagna-con-il-romanzo-2\/alina-ti-regala-un-romanzo\/","title":{"rendered":"Alina ti regala un romanzo"},"content":{"rendered":"<p><a href=\"http:\/\/giovannigarufibozza.it\/alina\/wp-content\/uploads\/sites\/9\/2014\/04\/10287228_10203740806069709_437622525_n.jpg\"><img decoding=\"async\" loading=\"lazy\" class=\"alignright  wp-image-113\" src=\"http:\/\/giovannigarufibozza.it\/alina\/wp-content\/uploads\/sites\/9\/2014\/04\/10287228_10203740806069709_437622525_n.jpg\" alt=\"10287228_10203740806069709_437622525_n\" width=\"248\" height=\"347\" srcset=\"https:\/\/giovannigarufibozza.it\/alina\/wp-content\/uploads\/sites\/9\/2014\/04\/10287228_10203740806069709_437622525_n.jpg 686w, https:\/\/giovannigarufibozza.it\/alina\/wp-content\/uploads\/sites\/9\/2014\/04\/10287228_10203740806069709_437622525_n-214x300.jpg 214w\" sizes=\"(max-width: 248px) 100vw, 248px\" \/><\/a>Ebbene s\u00ec, <a href=\"http:\/\/www.lafeltrinelli.it\/products\/9788898017904\/Alina_Autobiografia_di_una_schiava\/Garufi_Bozza_Giovanni.html\">acquistando Alina<\/a>, riceverai in regalo un romanzo di Giovanni Garufi Bozza, intitolato <em>Claudia, questo bimbo non s&#8217;ha da fare.<\/em><\/p>\n<p>Il romanzo \u00e8 privato, non lo trovi on line, ma puoi riceverlo in regalo solo dall&#8217;autore.<\/p>\n<p><strong>Come puoi averlo?<\/strong><\/p>\n<p>Semplice, <a href=\"http:\/\/www.lafeltrinelli.it\/products\/9788898017904\/Alina_Autobiografia_di_una_schiava\/Garufi_Bozza_Giovanni.html\">comprando Alina<\/a> e contattando l&#8217;autore alla mail che troverai dentro al libro.<\/p>\n<p>Due romanzi al prezzo di uno, perch\u00e9 la cultura va diffusa, sempre. E il rapporto autore-lettore \u00e8 pi\u00f9 importante di qualunque altra cosa \ud83d\ude42<\/p>\n<p>Oltre a <em>Claudia<\/em>, puoi richiedere tutti i racconti dell&#8217;autore. Praticamente Alina ti dar\u00e0 da leggere per un mese intero!<\/p>\n<p>&nbsp;<\/p>\n<p>&nbsp;<\/p>\n","protected":false},"excerpt":{"rendered":"<p>Ebbene s\u00ec, acquistando Alina, riceverai in regalo un romanzo di Giovanni Garufi Bozza, intitolato Claudia, questo bimbo non s&#8217;ha da fare. Il romanzo \u00e8 privato, non lo trovi on line, ma puoi riceverlo in regalo solo dall&#8217;autore. Come puoi averlo? Semplice, comprando Alina e contattando l&#8217;autore alla mail che troverai dentro al libro. Due romanzi [&hellip;]<\/p>\n","protected":false},"author":1,"featured_media":0,"parent":201,"menu_order":2,"comment_status":"open","ping_status":"open","template":"","meta":{"_mi_skip_tracking":false},"_links":{"self":[{"href":"https:\/\/giovannigarufibozza.it\/alina\/wp-json\/wp\/v2\/pages\/68"}],"collection":[{"href":"https:\/\/giovannigarufibozza.it\/alina\/wp-json\/wp\/v2\/pages"}],"about":[{"href":"https:\/\/giovannigarufibozza.it\/alina\/wp-json\/wp\/v2\/types\/page"}],"author":[{"embeddable":true,"href":"https:\/\/giovannigarufibozza.it\/alina\/wp-json\/wp\/v2\/users\/1"}],"replies":[{"embeddable":true,"href":"https:\/\/giovannigarufibozza.it\/alina\/wp-json\/wp\/v2\/comments?post=68"}],"version-history":[{"count":2,"href":"https:\/\/giovannigarufibozza.it\/alina\/wp-json\/wp\/v2\/pages\/68\/revisions"}],"predecessor-version":[{"id":254,"href":"https:\/\/giovannigarufibozza.it\/alina\/wp-json\/wp\/v2\/pages\/68\/revisions\/254"}],"up":[{"embeddable":true,"href":"https:\/\/giovannigarufibozza.it\/alina\/wp-json\/wp\/v2\/pages\/201"}],"wp:attachment":[{"href":"https:\/\/giovannigarufibozza.it\/alina\/wp-json\/wp\/v2\/media?parent=68"}],"curies":[{"name":"wp","href":"https:\/\/api.w.org\/{rel}","templated":true}]}}