{"id":5,"date":"2014-02-22T07:56:34","date_gmt":"2014-02-22T07:56:34","guid":{"rendered":"http:\/\/romanzoalina.it\/?page_id=5"},"modified":"2014-12-31T13:49:00","modified_gmt":"2014-12-31T13:49:00","slug":"trama","status":"publish","type":"page","link":"https:\/\/giovannigarufibozza.it\/alina\/","title":{"rendered":"Trama"},"content":{"rendered":"<p><a href=\"http:\/\/giovannigarufibozza.it\/alina\/wp-content\/uploads\/sites\/9\/2014\/02\/cover-Alina-2.jpg\"><img decoding=\"async\" loading=\"lazy\" class=\"alignright  wp-image-106\" src=\"http:\/\/giovannigarufibozza.it\/alina\/wp-content\/uploads\/sites\/9\/2014\/02\/cover-Alina-2.jpg\" alt=\"cover-Alina-2\" width=\"308\" height=\"436\" srcset=\"https:\/\/giovannigarufibozza.it\/alina\/wp-content\/uploads\/sites\/9\/2014\/02\/cover-Alina-2.jpg 350w, https:\/\/giovannigarufibozza.it\/alina\/wp-content\/uploads\/sites\/9\/2014\/02\/cover-Alina-2-212x300.jpg 212w\" sizes=\"(max-width: 308px) 100vw, 308px\" \/><\/a><span style=\"color: #a19494;\"><em>Mi chiamo Alina, ho diciassette anni e sono una prostituta.<\/em><\/span><\/p>\n<p><span style=\"color: #a19494;\"><em>Sono nata a Praga, ma le catene di questa schiavit\u00f9 mi tengono prigioniera a Roma.<\/em><\/span><\/p>\n<p><span style=\"color: #a19494;\"><em>Questa \u00e8 la mia storia, un racconto dove una farfalla, simbolo di libert\u00e0, diventa uno stemma di schiavit\u00f9, dove l\u2019eroina non \u00e8 la protagonista, ma uno strumento di sottomissione. Tra le violenze, gli stupri e gli inganni, tra le mura di un lager nascosto e di un\u00a0CIE\u00a0legalizzato, ti narrer\u00f2 come una donna pu\u00f2 essere trasformata in un oggetto per soddisfare le volutt\u00e0 del dio denaro.<\/em><\/span><\/p>\n<p><span style=\"color: #a19494;\"><em>Attraverso il mio desiderio di libert\u00e0 e la mia lotta per restare donna, ti sveler\u00f2 che nel terzo millennio le schiavit\u00f9 non sono ancora terminate. Ti doner\u00f2 i miei occhi, le mie lacrime e la mia voce, come ho fatto con l\u2019autore di questo romanzo, per rivelarti ci\u00f2 che \u00e8 sotto il tuo sguardo e che non puoi vedere, una visione nuova per uscire da un copione fatto di sguardi distolti e catene negate.<\/em><\/span><\/p>\n","protected":false},"excerpt":{"rendered":"<p>Mi chiamo Alina, ho diciassette anni e sono una prostituta. Sono nata a Praga, ma le catene di questa schiavit\u00f9 mi tengono prigioniera a Roma. Questa \u00e8 la mia storia, un racconto dove una farfalla, simbolo di libert\u00e0, diventa uno stemma di schiavit\u00f9, dove l\u2019eroina non \u00e8 la protagonista, ma uno strumento di sottomissione. Tra [&hellip;]<\/p>\n","protected":false},"author":1,"featured_media":0,"parent":0,"menu_order":0,"comment_status":"open","ping_status":"open","template":"","meta":{"_mi_skip_tracking":false},"_links":{"self":[{"href":"https:\/\/giovannigarufibozza.it\/alina\/wp-json\/wp\/v2\/pages\/5"}],"collection":[{"href":"https:\/\/giovannigarufibozza.it\/alina\/wp-json\/wp\/v2\/pages"}],"about":[{"href":"https:\/\/giovannigarufibozza.it\/alina\/wp-json\/wp\/v2\/types\/page"}],"author":[{"embeddable":true,"href":"https:\/\/giovannigarufibozza.it\/alina\/wp-json\/wp\/v2\/users\/1"}],"replies":[{"embeddable":true,"href":"https:\/\/giovannigarufibozza.it\/alina\/wp-json\/wp\/v2\/comments?post=5"}],"version-history":[{"count":1,"href":"https:\/\/giovannigarufibozza.it\/alina\/wp-json\/wp\/v2\/pages\/5\/revisions"}],"predecessor-version":[{"id":107,"href":"https:\/\/giovannigarufibozza.it\/alina\/wp-json\/wp\/v2\/pages\/5\/revisions\/107"}],"wp:attachment":[{"href":"https:\/\/giovannigarufibozza.it\/alina\/wp-json\/wp\/v2\/media?parent=5"}],"curies":[{"name":"wp","href":"https:\/\/api.w.org\/{rel}","templated":true}]}}