{"id":45,"date":"2014-04-01T20:23:58","date_gmt":"2014-04-01T20:23:58","guid":{"rendered":"http:\/\/romanzoalina.it\/?page_id=45"},"modified":"2015-01-10T05:58:08","modified_gmt":"2015-01-10T05:58:08","slug":"i-luoghi","status":"publish","type":"page","link":"https:\/\/giovannigarufibozza.it\/alina\/scopri-alina\/i-luoghi\/","title":{"rendered":"I luoghi del romanzo"},"content":{"rendered":"<p>&nbsp;<\/p>\n<p><img decoding=\"async\" loading=\"lazy\" class=\" alignright\" src=\"https:\/\/irs3.4sqi.net\/img\/general\/300x300\/81465840_6rJrjfbk6GE66VsnXjQ5dRdgVHh28GwuRb_GMq-Z1fc.jpg\" alt=\"\" width=\"135\" height=\"135\" \/><strong>Praga &#8211;\u00a0<a href=\"https:\/\/it.foursquare.com\/v\/ponte-carlo-v\/5331c63011d2f1eccd2f88f9\">Ponte Carlo V<\/a><\/strong><\/p>\n<p><em>La mia storia inizia a Praga, in una sera di gennaio di due anni fa, sul ponte Carlo V. Adoravo quel ponte, cos\u00ec r<\/em><span style=\"line-height: 19.5px;\"><em>omantico e illuminato, che collegava il lato vecchio e il lato nuovo di quella citt\u00e0<\/em>.<\/span><\/p>\n<p>&nbsp;<\/p>\n<p>&nbsp;<\/p>\n<p><strong><img decoding=\"async\" loading=\"lazy\" class=\" alignright\" src=\"https:\/\/irs2.4sqi.net\/img\/general\/300x300\/81465840_6WR_ehhBPy7IpXeoSIUuflvX_pcTQzHHwS0IXssa6s0.jpg\" alt=\"\" width=\"149\" height=\"149\" \/>Roma &#8211;\u00a0<a href=\"https:\/\/it.foursquare.com\/v\/viale-guglielmo-marconi-roma-rm\/4ce3075e7e9b721e911d34f1\">Viale Guglielmo Marconi<\/a><\/strong><\/p>\n<p><em>Pass\u00f2 quasi un\u2019ora dall\u2019inizio del nostro turno sul marciapiede e ancora nessun altro si era fermato. Molte macchine sfrecciavano senza neanche curarci, altre camminavano pi\u00f9 lente, scrutandoci<\/em>.<\/p>\n<p>&nbsp;<\/p>\n<p>&nbsp;<\/p>\n<p><strong><img decoding=\"async\" loading=\"lazy\" class=\" alignright\" src=\"https:\/\/irs1.4sqi.net\/img\/general\/300x300\/95297_V_KPWF9R1KCCm_AnF4sMWNi8_gA9nz-cf6pGKatKdn4.jpg\" alt=\"\" width=\"144\" height=\"144\" \/>Roma &#8211; \u00a0<a href=\"https:\/\/it.foursquare.com\/v\/stazione-roma-termini\/4adcdad7f964a520705721e3\">Stazione Roma Termini<\/a><\/strong><\/p>\n<p><em>La stazione Termini era molto grande e mi ci volle del tempo prima di trovare una macchinetta per fare\u00a0il biglietto. Selezionai la lingua inglese, l\u2019unica che sapessi anche leggere.<\/em><\/p>\n<p>&nbsp;<\/p>\n<p>&nbsp;<\/p>\n<p>&nbsp;<\/p>\n<p><strong><img decoding=\"async\" loading=\"lazy\" class=\" alignright\" src=\"https:\/\/irs1.4sqi.net\/img\/general\/300x300\/81465840_E4IBLATizBOvOzVDFcpuQ5TnmX2oCh8B1G5NLbcRYW0.jpg\" alt=\"\" width=\"154\" height=\"154\" \/>Roma &#8211;\u00a0<a href=\"https:\/\/it.foursquare.com\/v\/via-cipro\/51378b06e4b084a2d11e3680\">Via Cipro<\/a><\/strong><\/p>\n<p><em>Parcheggiammo su una grande piazza, dove al centro troneggiava una chiesa che si affacciava su un largo marciapiede pieno di panchine e di gente.<\/em><\/p>\n<p>&nbsp;<\/p>\n<p>&nbsp;<\/p>\n<p>&nbsp;<\/p>\n<p><strong><img decoding=\"async\" loading=\"lazy\" class=\" alignright\" src=\"https:\/\/irs0.4sqi.net\/img\/general\/300x300\/15223611_kd_dOGANlFCFQgYpa9C7txpXvNTClOVP8bsFw6c2-co.jpg\" alt=\"\" width=\"161\" height=\"161\" \/>Verona &#8211;\u00a0<a href=\"https:\/\/it.foursquare.com\/v\/casa-di-giulietta\/4b8159a3f964a520dda030e3\">Casa di Giulietta<\/a><\/strong><\/p>\n<p><em>Il cortile della casa non era molto grande. Su un lato troneggiava il famoso balcone dell\u2019opera di Shakespeare e sotto vi era una statua dorata che raffigurava Giulietta<\/em>.<\/p>\n<p>&nbsp;<\/p>\n<p>&nbsp;<\/p>\n<p>&nbsp;<\/p>\n<p><strong><img decoding=\"async\" loading=\"lazy\" class=\" alignright\" src=\"https:\/\/irs1.4sqi.net\/img\/general\/300x300\/47308326_TlnjIF_4X-QVpRT_lH6HsRCfsoRXES0A8MNaC-S3Hb4.jpg\" alt=\"\" width=\"197\" height=\"197\" \/>Verona &#8211;\u00a0<a href=\"https:\/\/it.foursquare.com\/v\/arena-di-verona\/4baef12ff964a52023e33be3\">Arena<\/a><\/strong><\/p>\n<p><em>Restai incantata ad osservare quella costruzione simile al Colosseo, se non per il fatto che, a differenza del monumento romano, era totalmente integra e ben conservata.<\/em><\/p>\n<p>&nbsp;<\/p>\n<p>&nbsp;<\/p>\n<p>&nbsp;<\/p>\n<p>&nbsp;<\/p>\n<p><strong><img decoding=\"async\" loading=\"lazy\" class=\" alignright\" src=\"https:\/\/irs1.4sqi.net\/img\/general\/300x300\/12661115_fUuvz-YzJF591wNeIGAz8aho68HBZtDP5plrSwoxiFA.jpg\" alt=\"\" width=\"177\" height=\"177\" \/>Roma &#8211;\u00a0<a href=\"https:\/\/it.foursquare.com\/v\/aeroporto-di-roma-ciampino-giovan-battista-pastine-cia\/4b1b5138f964a520c9fa23e3\">Aeroporto di Roma Ciampino<\/a><\/strong><\/p>\n<p><em>Roma, aeroporto di Ciampino. Avevamo scelto di partire da qui, e non da Verona, per approfittare di un passaggio nella Capitale per il disbrigo delle ennesime pratiche burocratiche legate al processo.<\/em><\/p>\n<p>&nbsp;<\/p>\n<p>&nbsp;<\/p>\n<p>&nbsp;<\/p>\n<p><strong><img decoding=\"async\" loading=\"lazy\" class=\" alignright\" src=\"https:\/\/irs3.4sqi.net\/img\/general\/300x300\/40550411_9bhlE-UldOnWExNdeYq6arAcvUmlSOJzYnlBBdvVSIo.jpg\" alt=\"\" width=\"172\" height=\"172\" \/>Praga &#8211; \u00a0Quartiere\u00a0<a href=\"https:\/\/it.foursquare.com\/v\/%C5%BEi%C5%BEkov\/4e57b97645dd1de4d98a9a3d\">\u017di\u017ekov<\/a><\/strong><\/p>\n<p><em>\u017di\u017ekov, il mio quartiere. Quante emozioni mi investirono nel ripercorrere le sue strade e i suoi palazzi. \u017di\u017ekov era considerato in passato uno dei quartieri pi\u00f9 boh\u00e9mien di Praga.<\/em><\/p>\n<p>&nbsp;<\/p>\n<p>&nbsp;<\/p>\n<p><strong><a href=\"https:\/\/it.foursquare.com\/v\/hospic-%C5%A1trasburk\/4fc31ddbe4b06a3981cc5107\"><strong><img decoding=\"async\" loading=\"lazy\" class=\" alignright\" src=\"https:\/\/irs1.4sqi.net\/img\/general\/300x300\/81465840_W9lL_0-3mK42K6zD7xuWUgX_BOoXVDcPlvDlpSMzM0c.jpg\" alt=\"\" width=\"172\" height=\"172\" \/>Praga &#8211;\u00a0<\/strong>Hospic \u0160trasburk<\/a><\/strong><\/p>\n<p><em>L\u2019ospedale si distribuiva su cinque piani. Un palazzone enorme, sgraziato e povero di colori. Varcando i cancelli d\u2019ingresso si entrava in un grande cortile&#8230;<\/em><\/p>\n<p>&nbsp;<\/p>\n<p>&nbsp;<\/p>\n<p><strong><img decoding=\"async\" loading=\"lazy\" class=\" alignright\" src=\"https:\/\/irs1.4sqi.net\/img\/general\/300x300\/19686540_68svGUgs_SDKw_fbIlku-TjhqsMazrncO2OvQ6JmNc0.jpg\" alt=\"\" width=\"166\" height=\"166\" \/>Roma &#8211;\u00a0<a href=\"https:\/\/it.foursquare.com\/v\/san-lorenzo\/4c02a219187ec928fe78b47b\">San Lorenzo<\/a><\/strong><\/p>\n<p><em>Feci colazione in un bar a pochi metri dall\u2019universit\u00e0. Nonostante le ore di sonno e il viaggio sulle spalle mi sentivo in forma, e il trucco aveva aiutato a celare le occhiaie.<\/em><\/p>\n<p>&nbsp;<\/p>\n<p>&nbsp;<\/p>\n<p>&nbsp;<\/p>\n<p><strong><img decoding=\"async\" loading=\"lazy\" class=\" alignright\" src=\"https:\/\/irs3.4sqi.net\/img\/general\/300x300\/5219541_rO3Xe_5GTYbLGRQxVMrGPMXjbat6gOcriR5H_kyEg34.jpg\" alt=\"\" width=\"154\" height=\"154\" \/>Roma &#8211;\u00a0<a href=\"https:\/\/it.foursquare.com\/v\/facolt%C3%A0-di-psicologia\/4bcd5966b6c49c74d04c9591\">Facolt\u00e0 di Psicologia<\/a><\/strong><\/p>\n<p><em>Tornai alla facolt\u00e0 alle nove e mezza, cercando l\u2019aula I su quello che credevo essere il piano terra, invano. Fermai allora una ragazza, chiedendole indicazioni, e mi disse di scendere le scale.<\/em><\/p>\n","protected":false},"excerpt":{"rendered":"<p>&nbsp; Praga &#8211;\u00a0Ponte Carlo V La mia storia inizia a Praga, in una sera di gennaio di due anni fa, sul ponte Carlo V. Adoravo quel ponte, cos\u00ec romantico e illuminato, che collegava il lato vecchio e il lato nuovo di quella citt\u00e0. &nbsp; &nbsp; Roma &#8211;\u00a0Viale Guglielmo Marconi Pass\u00f2 quasi un\u2019ora dall\u2019inizio del nostro [&hellip;]<\/p>\n","protected":false},"author":1,"featured_media":0,"parent":94,"menu_order":5,"comment_status":"open","ping_status":"open","template":"","meta":{"_mi_skip_tracking":false},"_links":{"self":[{"href":"https:\/\/giovannigarufibozza.it\/alina\/wp-json\/wp\/v2\/pages\/45"}],"collection":[{"href":"https:\/\/giovannigarufibozza.it\/alina\/wp-json\/wp\/v2\/pages"}],"about":[{"href":"https:\/\/giovannigarufibozza.it\/alina\/wp-json\/wp\/v2\/types\/page"}],"author":[{"embeddable":true,"href":"https:\/\/giovannigarufibozza.it\/alina\/wp-json\/wp\/v2\/users\/1"}],"replies":[{"embeddable":true,"href":"https:\/\/giovannigarufibozza.it\/alina\/wp-json\/wp\/v2\/comments?post=45"}],"version-history":[{"count":3,"href":"https:\/\/giovannigarufibozza.it\/alina\/wp-json\/wp\/v2\/pages\/45\/revisions"}],"predecessor-version":[{"id":123,"href":"https:\/\/giovannigarufibozza.it\/alina\/wp-json\/wp\/v2\/pages\/45\/revisions\/123"}],"up":[{"embeddable":true,"href":"https:\/\/giovannigarufibozza.it\/alina\/wp-json\/wp\/v2\/pages\/94"}],"wp:attachment":[{"href":"https:\/\/giovannigarufibozza.it\/alina\/wp-json\/wp\/v2\/media?parent=45"}],"curies":[{"name":"wp","href":"https:\/\/api.w.org\/{rel}","templated":true}]}}