{"id":38,"date":"2014-03-24T17:24:47","date_gmt":"2014-03-24T17:24:47","guid":{"rendered":"http:\/\/romanzoalina.it\/?page_id=38"},"modified":"2015-11-27T07:51:58","modified_gmt":"2015-11-27T07:51:58","slug":"sala-stampa","status":"publish","type":"page","link":"https:\/\/giovannigarufibozza.it\/alina\/sala-stampa\/","title":{"rendered":"Sala stampa"},"content":{"rendered":"<p><img decoding=\"async\" loading=\"lazy\" class=\" alignright\" src=\"https:\/\/scontent-mxp1-1.xx.fbcdn.net\/hphotos-xpt1\/v\/t1.0-9\/12311194_10208173867048181_3059320445503833686_n.jpg?oh=69366d0dae762ca2965e83173637cdbe&amp;oe=56DE98AB\" alt=\"\" width=\"290\" height=\"174\" \/>Alina fa affiggere due targhe per la vita per il 25 novembre 2015<\/p>\n<p><a href=\"http:\/\/giovannigarufibozza.it\/blog\/2015\/11\/17\/una-targa-per-la-vita-a-roma-il-25-novembre-la-giornata-di-alina-per-le-donne\/\"><strong>Leggi l&#8217;articolo&#8211;&gt;<\/strong><\/a><\/p>\n<p>&nbsp;<\/p>\n<p>&nbsp;<\/p>\n<p>&nbsp;<\/p>\n<p><a href=\"http:\/\/giovannigarufibozza.it\/alina\/wp-content\/uploads\/sites\/9\/2014\/03\/IMG-20150330-WA0008.jpg\"><img decoding=\"async\" loading=\"lazy\" class=\"alignright  wp-image-226\" src=\"http:\/\/giovannigarufibozza.it\/alina\/wp-content\/uploads\/sites\/9\/2014\/03\/IMG-20150330-WA0008.jpg\" alt=\"IMG-20150330-WA0008\" width=\"255\" height=\"191\" srcset=\"https:\/\/giovannigarufibozza.it\/alina\/wp-content\/uploads\/sites\/9\/2014\/03\/IMG-20150330-WA0008.jpg 1200w, https:\/\/giovannigarufibozza.it\/alina\/wp-content\/uploads\/sites\/9\/2014\/03\/IMG-20150330-WA0008-300x225.jpg 300w, https:\/\/giovannigarufibozza.it\/alina\/wp-content\/uploads\/sites\/9\/2014\/03\/IMG-20150330-WA0008-1024x768.jpg 1024w, https:\/\/giovannigarufibozza.it\/alina\/wp-content\/uploads\/sites\/9\/2014\/03\/IMG-20150330-WA0008-600x450.jpg 600w\" sizes=\"(max-width: 255px) 100vw, 255px\" \/><\/a>Alina a Napoli, la DrawUp la narra cos\u00ec<\/p>\n<p><strong><a href=\"http:\/\/www.edizionidrawup.it\/blog\/eventi\/edu-napoli-28-marzo-2015-bellini\/\">Leggi l&#8217;articolo &#8211;&gt;<\/a><\/strong><\/p>\n<p>&nbsp;<\/p>\n<p>&nbsp;<\/p>\n<p>&nbsp;<\/p>\n<p>&nbsp;<\/p>\n<p><img decoding=\"async\" class=\" alignright\" src=\"http:\/\/www.tusciatimes.eu\/wordpress\/wp-content\/uploads\/2015\/marzo-3\/Giovanni-Garufi-Bozza--212x300.jpg\" alt=\"Giovanni Garufi Bozza\" \/>A Trevignano Romano, la\u00a0presentazione di Alina.<\/p>\n<p style=\"text-align: right;\"><a href=\"http:\/\/www.tusciatimes.eu\/wordpress\/?p=70842\"><strong>Leggi l&#8217;articolo &#8211;&gt;<\/strong><\/a><\/p>\n<p>&nbsp;<\/p>\n<p>&nbsp;<\/p>\n<p>&nbsp;<\/p>\n<p>&nbsp;<\/p>\n<p>&nbsp;<\/p>\n<p>&nbsp;<\/p>\n<p>&nbsp;<\/p>\n<p><img decoding=\"async\" loading=\"lazy\" class=\" alignright\" src=\"http:\/\/www.infooggi.it\/resizer\/resize.php?url=http:\/\/www.infooggi.it\/public\/foto\/articoli\/2015-03\/9016fda2be0b63977cac2181ffd2dc0e54fb7b1eb1bdf.jpg&amp;size=768x335c=0\" alt=\"\" width=\"352\" height=\"151\" \/>A Pescara, assieme alla Croce Rossa Italiana, presentando Alina.<\/p>\n<p style=\"text-align: right;\"><strong><a href=\"http:\/\/webcache.googleusercontent.com\/search?q=cache%3AxVrmVeRLWmAJ%3Awww.infooggi.it%2FpdfDown.php%3Fpermalink%3Dsclocco-alla-cri-e-il-momento-di-fare-rete%26id%3D77560%26pdf%3D1+&amp;cd=2&amp;hl=it&amp;ct=clnk&amp;gl=it\">Leggi l&#8217;articolo &#8211;&gt;<\/a><\/strong><\/p>\n<p><iframe loading=\"lazy\" src=\"https:\/\/www.youtube.com\/embed\/1O1GIQ80XR8\" width=\"420\" height=\"315\" frameborder=\"0\" allowfullscreen=\"allowfullscreen\"><\/iframe><\/p>\n<p>Siamo scesi in strada a regalare loro una mimosa e un sorriso. Siamo scesi per la loro dignit\u00e0. #8marzo2015 #giornatainternazionaledelladonna noi la festeggiamo cos\u00ec. Condividete e aiutateci a lanciare un messaggio contro la schiavit\u00f9<\/p>\n<p>&nbsp;<\/p>\n<p>&nbsp;<\/p>\n<p>&nbsp;<\/p>\n<p>&nbsp;<\/p>\n<p>&nbsp;<\/p>\n<p><img decoding=\"async\" loading=\"lazy\" class=\" alignright\" src=\"http:\/\/www.aleteia.org\/image\/it\/article\/quartiere-a-luci-rosse-a-roma-5813874284560384\/modello-nordico-e-prostituzione\/topic\" alt=\"Modello nordico prostituzione\" width=\"203\" height=\"135\" \/>A Roma al Comune con Alina, in una giornata contro lo sfruttamento<\/p>\n<p style=\"text-align: right;\"><a href=\"http:\/\/www.aleteia.org\/it\/politica\/articolo\/quartiere-a-luci-rosse-a-roma-5813874284560384\"><strong>&#8211;&gt; Leggi l&#8217;articolo<\/strong><\/a><\/p>\n<p>&nbsp;<\/p>\n<p>&nbsp;<\/p>\n<p>&nbsp;<\/p>\n<p><img decoding=\"async\" loading=\"lazy\" class=\" alignright\" src=\"https:\/\/fbcdn-sphotos-c-a.akamaihd.net\/hphotos-ak-xpa1\/v\/t1.0-9\/10850191_10205412162494620_2623593619021408820_n.jpg?oh=d4ae37b9c5d90974260e9a2671800a02&amp;oe=553CB757&amp;__gda__=1429538625_f90c840e98b1e0d7bd9b15758493179b\" alt=\"\" width=\"199\" height=\"149\" \/>A Celano, Una targa per la vita, con Alina, contro il femminicidio<\/p>\n<p style=\"text-align: right;\"><a href=\"http:\/\/giovannigarufibozza.it\/blog\/2014\/12\/21\/una-targa-per-la-vita-e-se-diventasse-davvero-un-ricordo\/\"><strong>&#8211;&gt; Leggi l&#8217;articolo<\/strong><\/a><\/p>\n<p>&nbsp;<\/p>\n<p>&nbsp;<\/p>\n<p>&nbsp;<\/p>\n<p><img decoding=\"async\" loading=\"lazy\" class=\" alignright\" src=\"http:\/\/www.deliriprogressivi.com\/uploads\/1\/5\/0\/0\/15001860\/276448_orig.jpg\" alt=\"\" width=\"209\" height=\"279\" \/>A L&#8217;Aquila, la presentazione di Alina in compagnia del sindaco Cialente<\/p>\n<p style=\"text-align: right;\"><strong><a href=\"http:\/\/www.deliriprogressivi.com\/libri\/presentato-a-laquila-il-libro-alina-autobiografia-di-una-schiava-dello-scrittore-giovanni-garufi-bozza\">&#8211;&gt;Leggi l&#8217;articolo<\/a><\/strong><\/p>\n<p>&nbsp;<\/p>\n<p>&nbsp;<\/p>\n<p>&nbsp;<\/p>\n<p>&nbsp;<\/p>\n<p>&nbsp;<\/p>\n<p>&nbsp;<\/p>\n<p><img decoding=\"async\" loading=\"lazy\" class=\" alignright\" src=\"http:\/\/www.ecodibasilicata.it\/wordpress\/wp-content\/uploads\/2012\/04\/alema.jpg\" alt=\"\" width=\"137\" height=\"117\" \/>A Marino e Alemanno vorrei dire, che il problema del decoro \u00e8 un falso problema, i problemi della dignit\u00e0 e della libert\u00e0 sono fin troppo reali.<\/p>\n<p style=\"text-align: right;\"><strong><a href=\"http:\/\/giovannigarufibozza.it\/?p=2552\">&#8211;&gt; Leggi l&#8217;articolo<\/a><\/strong><\/p>\n<p>&nbsp;<\/p>\n<p>&nbsp;<\/p>\n<p>&nbsp;<\/p>\n<p><img decoding=\"async\" loading=\"lazy\" class=\" alignright\" src=\"http:\/\/giovannigarufibozza.it\/wp-content\/uploads\/2014\/07\/download.jpg\" alt=\"download\" width=\"153\" height=\"153\" \/>Pensa che connessioni: due uomini, psicologi, a parlare dell&#8217;emancipazione femminile, della schiavit\u00f9 delle strade, del tentativo storico e attuale dell&#8217;uomo, per dirla alla Wolf, non di prevaricare sulla donna, ma di dimostrare di non essere inferiore. In costiera amalfitana con Alina.<\/p>\n<p style=\"text-align: right;\"><a href=\"http:\/\/giovannigarufibozza.it\/?p=2579\"><strong>&#8211;&gt; leggi l&#8217;articolo<\/strong><\/a><\/p>\n<p>&nbsp;<\/p>\n<p>&nbsp;<\/p>\n<p>&nbsp;<\/p>\n<p><a href=\"http:\/\/giovannigarufibozza.it\/alina\/wp-content\/uploads\/sites\/9\/2014\/02\/cover-Alina-2.jpg\"><img decoding=\"async\" loading=\"lazy\" class=\"alignright  wp-image-106\" src=\"http:\/\/giovannigarufibozza.it\/alina\/wp-content\/uploads\/sites\/9\/2014\/02\/cover-Alina-2.jpg\" alt=\"cover-Alina-2\" width=\"118\" height=\"167\" srcset=\"https:\/\/giovannigarufibozza.it\/alina\/wp-content\/uploads\/sites\/9\/2014\/02\/cover-Alina-2.jpg 350w, https:\/\/giovannigarufibozza.it\/alina\/wp-content\/uploads\/sites\/9\/2014\/02\/cover-Alina-2-212x300.jpg 212w\" sizes=\"(max-width: 118px) 100vw, 118px\" \/><\/a>A Latina, per l&#8217;XI edizione dei libri da scoprire e ancora a Roma<\/p>\n<p style=\"text-align: right;\"><strong><a href=\"http:\/\/giovannigarufibozza.it\/?p=2548\">&#8211;&gt; leggi l&#8217;articolo<\/a><\/strong><\/p>\n<p>&nbsp;<\/p>\n<p>&nbsp;<\/p>\n<p>&nbsp;<\/p>\n<p>&nbsp;<\/p>\n<p><img decoding=\"async\" class=\" alignright\" src=\"http:\/\/www.edizionidrawup.it\/blog\/wp-content\/uploads\/2014\/05\/052-150x150.jpg\" alt=\"Il pubblico\" \/>A Roma, vista Circo Massimo, il festival dei libri siglato Edizioni DrawUp. E ovviamente c&#8217;era anche Alina \ud83d\ude09<\/p>\n<p style=\"text-align: right;\"><strong><a href=\"http:\/\/www.edizionidrawup.it\/blog\/eventi\/edu-a-roma-25-maggio-2014\/\">&#8211;&gt; leggi l&#8217;articolo<\/a><\/strong><\/p>\n<p>&nbsp;<\/p>\n<p>&nbsp;<\/p>\n<p>&nbsp;<\/p>\n<p><img decoding=\"async\" loading=\"lazy\" class=\" alignright\" src=\"https:\/\/encrypted-tbn1.gstatic.com\/images?q=tbn:ANd9GcTfuxJBG_DQpxUk1OyH-QqBsU64cUu2HLsF9SWGAGVr0wF4PlXF\" alt=\"\" width=\"170\" height=\"128\" \/>A Torino, in una citt\u00e0 piovosa ma al tempo stesso straordinariamente accogliente, continua il tour di presentazione di Alina.<\/p>\n<p style=\"text-align: right;\"><a href=\"http:\/\/giovannigarufibozza.it\/?p=2490\"><strong>&#8211;&gt; Leggi l&#8217;articolo<\/strong><\/a><\/p>\n<p>&nbsp;<\/p>\n<p>&nbsp;<\/p>\n<p><img decoding=\"async\" class=\" alignright\" src=\"http:\/\/www.edizionidrawup.it\/blog\/wp-content\/uploads\/2014\/04\/20140410_195531-150x150.jpg\" alt=\"Palco e platea\" \/>A Roma, nel luogo dove Alina vivr\u00e0 la sua tragedia di schiavit\u00f9, ha preso il via il lancio del romanzo. La Casa editrice lo racconta cos\u00ec&#8230;<\/p>\n<p style=\"text-align: right;\"><strong><a href=\"http:\/\/www.edizionidrawup.it\/blog\/eventi\/alina-prende-il-volo\/\">&#8211;&gt;Leggi l&#8217;articolo<\/a><\/strong><\/p>\n<p>&nbsp;<\/p>\n<p>&nbsp;<\/p>\n<p><img decoding=\"async\" class=\" alignright\" src=\"http:\/\/www.siulp.it\/siulp\/wp-content\/risorse\/2014\/03\/foto_donne_crocifisse-2.jpg\" alt=\"\" \/>Il 21 marzo 2014, si \u00e8 tenuta a Roma la via Crucis di solidariet\u00e0 e preghiera in favore delle giovani donne vittime di tratta, prostituzione coatta e violenze, organizzata dalla comunit\u00e0 Giovanni XXII, che tante donne ha salvato dall&#8217;inferno del marciapiede.<\/p>\n<p style=\"text-align: right;\"><strong>&#8211;&gt; <a href=\"http:\/\/giovannigarufibozza.it\/?p=2304\">Leggi l&#8217;articolo<\/a>.\u00a0<\/strong><\/p>\n","protected":false},"excerpt":{"rendered":"<p>Alina fa affiggere due targhe per la vita per il 25 novembre 2015 Leggi l&#8217;articolo&#8211;&gt; &nbsp; &nbsp; &nbsp; Alina a Napoli, la DrawUp la narra cos\u00ec Leggi l&#8217;articolo &#8211;&gt; &nbsp; &nbsp; &nbsp; &nbsp; A Trevignano Romano, la\u00a0presentazione di Alina. Leggi l&#8217;articolo &#8211;&gt; &nbsp; &nbsp; &nbsp; &nbsp; &nbsp; &nbsp; &nbsp; A Pescara, assieme alla Croce Rossa [&hellip;]<\/p>\n","protected":false},"author":1,"featured_media":0,"parent":0,"menu_order":4,"comment_status":"open","ping_status":"open","template":"","meta":{"_mi_skip_tracking":false},"_links":{"self":[{"href":"https:\/\/giovannigarufibozza.it\/alina\/wp-json\/wp\/v2\/pages\/38"}],"collection":[{"href":"https:\/\/giovannigarufibozza.it\/alina\/wp-json\/wp\/v2\/pages"}],"about":[{"href":"https:\/\/giovannigarufibozza.it\/alina\/wp-json\/wp\/v2\/types\/page"}],"author":[{"embeddable":true,"href":"https:\/\/giovannigarufibozza.it\/alina\/wp-json\/wp\/v2\/users\/1"}],"replies":[{"embeddable":true,"href":"https:\/\/giovannigarufibozza.it\/alina\/wp-json\/wp\/v2\/comments?post=38"}],"version-history":[{"count":10,"href":"https:\/\/giovannigarufibozza.it\/alina\/wp-json\/wp\/v2\/pages\/38\/revisions"}],"predecessor-version":[{"id":227,"href":"https:\/\/giovannigarufibozza.it\/alina\/wp-json\/wp\/v2\/pages\/38\/revisions\/227"}],"wp:attachment":[{"href":"https:\/\/giovannigarufibozza.it\/alina\/wp-json\/wp\/v2\/media?parent=38"}],"curies":[{"name":"wp","href":"https:\/\/api.w.org\/{rel}","templated":true}]}}