{"id":192,"date":"2015-07-16T11:57:19","date_gmt":"2015-07-16T11:57:19","guid":{"rendered":"http:\/\/giovannigarufibozza.it\/alina\/?page_id=192"},"modified":"2015-07-16T12:04:51","modified_gmt":"2015-07-16T12:04:51","slug":"guadagna-con-il-romanzo","status":"publish","type":"page","link":"https:\/\/giovannigarufibozza.it\/alina\/guadagna-con-il-romanzo-2\/guadagna-con-il-romanzo\/","title":{"rendered":"Guadagna con il romanzo"},"content":{"rendered":"<p><a href=\"http:\/\/giovannigarufibozza.it\/alina\/wp-content\/uploads\/sites\/9\/2015\/01\/cover-Alina-2.jpg\"><img decoding=\"async\" loading=\"lazy\" class=\"alignright size-full wp-image-131\" src=\"http:\/\/giovannigarufibozza.it\/alina\/wp-content\/uploads\/sites\/9\/2015\/01\/cover-Alina-2.jpg\" alt=\"cover-Alina-2\" width=\"350\" height=\"496\" srcset=\"https:\/\/giovannigarufibozza.it\/alina\/wp-content\/uploads\/sites\/9\/2015\/01\/cover-Alina-2.jpg 350w, https:\/\/giovannigarufibozza.it\/alina\/wp-content\/uploads\/sites\/9\/2015\/01\/cover-Alina-2-212x300.jpg 212w\" sizes=\"(max-width: 350px) 100vw, 350px\" \/><\/a><\/p>\n<p><span style=\"color: #ffffff;\">Organizzando una presentazione o un semplice passaparola tra gli amici, potrai guadagnare da\u00a0<strong>1 a 6 euro<\/strong>\u00a0per copia venduta. Oltre al guadagno, avrai la possibilit\u00e0 di promuovere un libro che diffonde un messaggio importante contro lo sfruttamento delle donne, e che sta ottenendo<span style=\"color: #0000ff;\">\u00a0<strong><a style=\"color: #0000ff;\" href=\"http:\/\/giovannigarufibozza.it\/alina\/i-commenti-dei-lettori\/\">recensioni molto positive<\/a><\/strong>.<\/span><\/span><\/p>\n<p><strong>Come\u00a0posso guadagnare?<\/strong><\/p>\n<p><span style=\"color: #ffffff;\">&#8211; organizza una presentazione nella tua zona, trovando un locale che ci ospiti. Io porter\u00f2 le mie copie e per ogni copia venduta dar\u00f2 a te una percentuale delle vendite. L&#8217;offerta \u00e8 rivolta a librerie, associazioni e singoli.<\/span><\/p>\n<p><strong>Oppure<\/strong><\/p>\n<p><span style=\"color: #ffffff;\">&#8211; fai un passaparola tra gli amici, i familiari e i conoscenti e raccogli un tot di adesioni (pi\u00f9 ne raccogli, pi\u00f9 guadagni!). Per ogni copia venduta,\u00a0<em>avrai una percentuale sul prezzo da te stabilito<\/em>. Ad esempio, se vendi il libro a 16 euro (il prezzo di copertina) avrai un guadagno pari a 6 euro per copia venduta. Se lo venderai a 14, avrai 4 euro per copia venduta. Il prezzo lo fai tu. Per ogni copia, devi togliere 10 euro che vanno all&#8217;autore.<\/span><\/p>\n<p><strong>Quanto posso guadagnare?<\/strong><\/p>\n<p><span style=\"color: #ffffff;\">Il massimo a cui puoi vendere ogni copia \u00e8 16 euro. Il minimo \u00e8 11. Dal totale per copia devi togliere 10 euro che vanno all\u2019autore.<\/span><\/p>\n<p><span style=\"color: #ffffff;\">Ad esempio: se vendi tra i tuoi contatti <strong>10 copie a 15 euro<\/strong>, guadagni <strong>50 euro<\/strong>.<\/span><\/p>\n<p><strong>Come fare?<\/strong><\/p>\n<p><span style=\"color: #ffffff;\">&#8211; Prima di tutto<\/span>\u00a0<a href=\"http:\/\/giovannigarufibozza.it\/contatti-2\/\"><strong>contattami<\/strong><\/a>\u00a0<span style=\"color: #ffffff;\">e dimmi che sei disposto a collaborare con me. I libri arriveranno direttamente a casa tua, per poterli distribuire ai tuoi contatti.<\/span><\/p>\n<p><span style=\"color: #ffffff;\">&#8211; Raccogli le adesioni delle persone che possono essere interessate, quando hai raggiunto un numero che ti soddisfa, fammelo sapere e ti invier\u00f2 le copie.<\/span><\/p>\n<p><strong>Devo anticipare soldi?<\/strong><\/p>\n<p><span style=\"color: #ffffff;\">Assolutamente no. Hai solo da guadagnare e nulla da spendere. Anche la spedizione delle copie \u00e8 a mio carico. Tratterrai la tua quota e mi invierai la differenza di 10 euro per copia.<\/span><\/p>\n<p><strong>C\u2019\u00e8 un minimo di libri che devo garantire?<\/strong><\/p>\n<p><span style=\"color: #ffffff;\">No, da uno a mille, a me va bene!<\/span><\/p>\n<p><strong>A chi \u00e8 rivolta l&#8217;offerta?<\/strong><\/p>\n<p><span style=\"color: #ffffff;\">L&#8217;offerta \u00e8 rivolta a librerie, associazioni e singoli.<\/span><\/p>\n<p><span style=\"color: #ffffff;\">\u00a0<\/span><\/p>\n","protected":false},"excerpt":{"rendered":"<p>Organizzando una presentazione o un semplice passaparola tra gli amici, potrai guadagnare da\u00a01 a 6 euro\u00a0per copia venduta. Oltre al guadagno, avrai la possibilit\u00e0 di promuovere un libro che diffonde un messaggio importante contro lo sfruttamento delle donne, e che sta ottenendo\u00a0recensioni molto positive. Come\u00a0posso guadagnare? &#8211; organizza una presentazione nella tua zona, trovando un [&hellip;]<\/p>\n","protected":false},"author":1,"featured_media":0,"parent":201,"menu_order":1,"comment_status":"open","ping_status":"open","template":"","meta":{"_mi_skip_tracking":false},"_links":{"self":[{"href":"https:\/\/giovannigarufibozza.it\/alina\/wp-json\/wp\/v2\/pages\/192"}],"collection":[{"href":"https:\/\/giovannigarufibozza.it\/alina\/wp-json\/wp\/v2\/pages"}],"about":[{"href":"https:\/\/giovannigarufibozza.it\/alina\/wp-json\/wp\/v2\/types\/page"}],"author":[{"embeddable":true,"href":"https:\/\/giovannigarufibozza.it\/alina\/wp-json\/wp\/v2\/users\/1"}],"replies":[{"embeddable":true,"href":"https:\/\/giovannigarufibozza.it\/alina\/wp-json\/wp\/v2\/comments?post=192"}],"version-history":[{"count":5,"href":"https:\/\/giovannigarufibozza.it\/alina\/wp-json\/wp\/v2\/pages\/192\/revisions"}],"predecessor-version":[{"id":210,"href":"https:\/\/giovannigarufibozza.it\/alina\/wp-json\/wp\/v2\/pages\/192\/revisions\/210"}],"up":[{"embeddable":true,"href":"https:\/\/giovannigarufibozza.it\/alina\/wp-json\/wp\/v2\/pages\/201"}],"wp:attachment":[{"href":"https:\/\/giovannigarufibozza.it\/alina\/wp-json\/wp\/v2\/media?parent=192"}],"curies":[{"name":"wp","href":"https:\/\/api.w.org\/{rel}","templated":true}]}}